{"id":48613,"date":"2023-12-12T10:58:41","date_gmt":"2023-12-12T09:58:41","guid":{"rendered":"https:\/\/pet-shopping.de\/shop\/produkt\/trixie-aloe-vera-seife-100g\/"},"modified":"2023-12-12T10:58:47","modified_gmt":"2023-12-12T09:58:47","slug":"trixie-aloe-vera-seife-100g","status":"publish","type":"product","link":"https:\/\/all-pets.de\/shop\/produkt\/trixie-aloe-vera-seife-100g\/","title":{"rendered":"Trixie Aloe Vera Seife &#8211; 100g"},"content":{"rendered":"<ul>\n<li>zur regelm\u00e4\u00dfigen Pflege und Reinigung<\/li>\n<li>besonders f\u00fcr empfindliche Haut geeignet<\/li>\n<li>sehr ergiebig<\/li>\n<\/ul>\n<div class=\"infotextWrap\">\n<p>Inhaltsstoffe gem. Wasch- undReinigungsmittelgesetz: FATTY ACIDS, C12-18 SODIUM SALTS, PARFUM,MALTODEXTRIN, ALOE BARBADENSIS EXTRACT, COLORANT (INCI-Bezeichnungen.Entsprechende Bezeichnungen gem\u00e4\u00df EU-Arzneibuch und CAS-Nummern findenSie in der Datenbank &#8222;CosIng&#8220; der Europ\u00e4ischen Kommission und einen Link dorthin unter &#8222;Mehr Informationen&#8220;)<\/p>\n<\/div>\n","protected":false},"excerpt":{"rendered":"<p>zur regelm\u00e4\u00dfigen Pflege und Reinigung besonders f\u00fcr empfindliche Haut geeignet sehr ergiebig Inhaltsstoffe gem. Wasch- undReinigungsmittelgesetz: FATTY ACIDS, C12-18 SODIUM SALTS, PARFUM,MALTODEXTRIN, ALOE BARBADENSIS EXTRACT, COLORANT (INCI-Bezeichnungen.Entsprechende Bezeichnungen gem\u00e4\u00df EU-Arzneibuch und CAS-Nummern findenSie in der Datenbank &#8222;CosIng&#8220; der Europ\u00e4ischen Kommission und einen Link dorthin unter &#8222;Mehr Informationen&#8220;)<\/p>\n","protected":false},"featured_media":48614,"comment_status":"closed","ping_status":"open","template":"","meta":[],"product_cat":[14071],"product_tag":[],"class_list":{"0":"post-48613","1":"product","2":"type-product","3":"status-publish","4":"has-post-thumbnail","6":"product_cat-shampoos","8":"first","9":"instock","10":"taxable","11":"shipping-taxable","12":"purchasable","13":"product-type-simple"},"_links":{"self":[{"href":"https:\/\/all-pets.de\/shop\/wp-json\/wp\/v2\/product\/48613","targetHints":{"allow":["GET"]}}],"collection":[{"href":"https:\/\/all-pets.de\/shop\/wp-json\/wp\/v2\/product"}],"about":[{"href":"https:\/\/all-pets.de\/shop\/wp-json\/wp\/v2\/types\/product"}],"replies":[{"embeddable":true,"href":"https:\/\/all-pets.de\/shop\/wp-json\/wp\/v2\/comments?post=48613"}],"wp:featuredmedia":[{"embeddable":true,"href":"https:\/\/all-pets.de\/shop\/wp-json\/wp\/v2\/media\/48614"}],"wp:attachment":[{"href":"https:\/\/all-pets.de\/shop\/wp-json\/wp\/v2\/media?parent=48613"}],"wp:term":[{"taxonomy":"product_cat","embeddable":true,"href":"https:\/\/all-pets.de\/shop\/wp-json\/wp\/v2\/product_cat?post=48613"},{"taxonomy":"product_tag","embeddable":true,"href":"https:\/\/all-pets.de\/shop\/wp-json\/wp\/v2\/product_tag?post=48613"}],"curies":[{"name":"wp","href":"https:\/\/api.w.org\/{rel}","templated":true}]}}