{"id":48617,"date":"2023-12-12T10:58:41","date_gmt":"2023-12-12T09:58:41","guid":{"rendered":"https:\/\/pet-shopping.de\/shop\/produkt\/trixie-be-nordic-hoehle-alva\/"},"modified":"2023-12-12T10:58:48","modified_gmt":"2023-12-12T09:58:48","slug":"trixie-be-nordic-hoehle-alva","status":"publish","type":"product","link":"https:\/\/all-pets.de\/shop\/produkt\/trixie-be-nordic-hoehle-alva\/","title":{"rendered":"Trixie BE NORDIC H\u00f6hle Alva"},"content":{"rendered":"<ul>\n<li>Sperrholz (lackiert)<\/li>\n<li>Wendekissen in Canvas-Haptik (Polyester) und Polyestervlies-F\u00fcllung, Handw\u00e4sche<\/li>\n<li>mit Holzf\u00fc\u00dfen<\/li>\n<li>belastbar bis zu 40 kg<\/li>\n<li>Ma\u00dfe: ca. 36 \u00d7 51 \u00d7 36 cm<\/li>\n<li>Farbe: anthrazit\/sand<\/li>\n<\/ul>\n<div class=\"infotextWrap\">Aus dem Verkauf der Serie unterst\u00fctzt TRIXIE Meeresschutzprojekte und leistet damit einen Beitrag zum Natur- und Artenschutz.<\/div>\n","protected":false},"excerpt":{"rendered":"<p>Sperrholz (lackiert) Wendekissen in Canvas-Haptik (Polyester) und Polyestervlies-F\u00fcllung, Handw\u00e4sche mit Holzf\u00fc\u00dfen belastbar bis zu 40 kg Ma\u00dfe: ca. 36 \u00d7 51 \u00d7 36 cm Farbe: anthrazit\/sand Aus dem Verkauf der Serie unterst\u00fctzt TRIXIE Meeresschutzprojekte und leistet damit einen Beitrag zum Natur- und Artenschutz.<\/p>\n","protected":false},"featured_media":48618,"comment_status":"closed","ping_status":"open","template":"","meta":[],"product_cat":[15084],"product_tag":[],"class_list":{"0":"post-48617","1":"product","2":"type-product","3":"status-publish","4":"has-post-thumbnail","6":"product_cat-nachhaltige-katzenbetten","8":"first","9":"instock","10":"taxable","11":"shipping-taxable","12":"purchasable","13":"product-type-simple"},"_links":{"self":[{"href":"https:\/\/all-pets.de\/shop\/wp-json\/wp\/v2\/product\/48617","targetHints":{"allow":["GET"]}}],"collection":[{"href":"https:\/\/all-pets.de\/shop\/wp-json\/wp\/v2\/product"}],"about":[{"href":"https:\/\/all-pets.de\/shop\/wp-json\/wp\/v2\/types\/product"}],"replies":[{"embeddable":true,"href":"https:\/\/all-pets.de\/shop\/wp-json\/wp\/v2\/comments?post=48617"}],"wp:featuredmedia":[{"embeddable":true,"href":"https:\/\/all-pets.de\/shop\/wp-json\/wp\/v2\/media\/48618"}],"wp:attachment":[{"href":"https:\/\/all-pets.de\/shop\/wp-json\/wp\/v2\/media?parent=48617"}],"wp:term":[{"taxonomy":"product_cat","embeddable":true,"href":"https:\/\/all-pets.de\/shop\/wp-json\/wp\/v2\/product_cat?post=48617"},{"taxonomy":"product_tag","embeddable":true,"href":"https:\/\/all-pets.de\/shop\/wp-json\/wp\/v2\/product_tag?post=48617"}],"curies":[{"name":"wp","href":"https:\/\/api.w.org\/{rel}","templated":true}]}}