{"id":48636,"date":"2023-12-12T10:58:50","date_gmt":"2023-12-12T09:58:50","guid":{"rendered":"https:\/\/pet-shopping.de\/shop\/produkt\/trixie-zahnpflege-einweg-fingerpads-50-stueck\/"},"modified":"2023-12-12T10:58:52","modified_gmt":"2023-12-12T09:58:52","slug":"trixie-zahnpflege-einweg-fingerpads-50-stueck","status":"publish","type":"product","link":"https:\/\/all-pets.de\/shop\/produkt\/trixie-zahnpflege-einweg-fingerpads-50-stueck\/","title":{"rendered":"Trixie Zahnpflege Einweg-Fingerpads &#8211; 50 St\u00fcck"},"content":{"rendered":"<ul>\n<li>f\u00fcr Hunde, Katzen und andere Kleintiere<\/li>\n<li>mit pflegender Reinigungslotion (Minze)<\/li>\n<li>als Alternative zu Zahnb\u00fcrste und -creme<\/li>\n<li>\u00fcber Zeigefinger und ggf. auch Daumen st\u00fclpen und die Z\u00e4hne reinigen<\/li>\n<li>Inhalt: 50 St\u00fcck<\/li>\n<\/ul>\n","protected":false},"excerpt":{"rendered":"<p>f\u00fcr Hunde, Katzen und andere Kleintiere mit pflegender Reinigungslotion (Minze) als Alternative zu Zahnb\u00fcrste und -creme \u00fcber Zeigefinger und ggf. auch Daumen st\u00fclpen und die Z\u00e4hne reinigen Inhalt: 50 St\u00fcck<\/p>\n","protected":false},"featured_media":48637,"comment_status":"closed","ping_status":"open","template":"","meta":[],"product_cat":[15091],"product_tag":[],"class_list":{"0":"post-48636","1":"product","2":"type-product","3":"status-publish","4":"has-post-thumbnail","6":"product_cat-hygiene-reinigung-pflegeproduktekleintierwelt-pflege-gesundheit-zahnpflegekleintierwelt","8":"first","9":"instock","10":"taxable","11":"shipping-taxable","12":"purchasable","13":"product-type-simple"},"_links":{"self":[{"href":"https:\/\/all-pets.de\/shop\/wp-json\/wp\/v2\/product\/48636","targetHints":{"allow":["GET"]}}],"collection":[{"href":"https:\/\/all-pets.de\/shop\/wp-json\/wp\/v2\/product"}],"about":[{"href":"https:\/\/all-pets.de\/shop\/wp-json\/wp\/v2\/types\/product"}],"replies":[{"embeddable":true,"href":"https:\/\/all-pets.de\/shop\/wp-json\/wp\/v2\/comments?post=48636"}],"wp:featuredmedia":[{"embeddable":true,"href":"https:\/\/all-pets.de\/shop\/wp-json\/wp\/v2\/media\/48637"}],"wp:attachment":[{"href":"https:\/\/all-pets.de\/shop\/wp-json\/wp\/v2\/media?parent=48636"}],"wp:term":[{"taxonomy":"product_cat","embeddable":true,"href":"https:\/\/all-pets.de\/shop\/wp-json\/wp\/v2\/product_cat?post=48636"},{"taxonomy":"product_tag","embeddable":true,"href":"https:\/\/all-pets.de\/shop\/wp-json\/wp\/v2\/product_tag?post=48636"}],"curies":[{"name":"wp","href":"https:\/\/api.w.org\/{rel}","templated":true}]}}