{"id":48640,"date":"2023-12-12T10:58:50","date_gmt":"2023-12-12T09:58:50","guid":{"rendered":"https:\/\/pet-shopping.de\/shop\/produkt\/trixie-teppich-und-polsterreiniger-650ml\/"},"modified":"2023-12-12T10:58:53","modified_gmt":"2023-12-12T09:58:53","slug":"trixie-teppich-und-polsterreiniger-650ml","status":"publish","type":"product","link":"https:\/\/all-pets.de\/shop\/produkt\/trixie-teppich-und-polsterreiniger-650ml\/","title":{"rendered":"Trixie Teppich- und Polsterreiniger &#8211; 650ml"},"content":{"rendered":"<ul>\n<li>B\u00fcrstenaufsatz erleichtert die Anwendung auf Oberfl\u00e4chen wie Teppichen, Polstern und Tiertextilien<\/li>\n<li>mit Oxi-Power-Formel f\u00fcr eine kraftvolle Reinigung<\/li>\n<li>entfernt zuverl\u00e4ssig unangenehme Ger\u00fcche und Flecken aus Textilien, wie z. B. Urin, Kot und Erbrochenes<\/li>\n<li>Inhalt: 650 ml<\/li>\n<\/ul>\n<div class=\"infotextWrap\">Inhaltsstoffe gem. Wasch- und Reinigungsmittelgesetz: AQUA, SODIUM ETHYLHEXYLSULFATE, TRIDECETH-5, HYDROGEN PEROXIDE, PARFUM, DIETHYLENETRIAMINE PENTAMETHYLENE PHOSHONIC ACID, PHOSPHORIC ACID, SODIUM BENZOATE (INCI-Bezeichnungen. Entsprechende Bezeichnungen gem\u00e4\u00df EU-Arzneibuch und CAS-Nummern finden Sie in der Datenbank ?CosIng? der Europ\u00e4ischen Kommission und einen Link dorthin unter ?Mehr Informationen?)<\/div><\/p>\n","protected":false},"excerpt":{"rendered":"<p>B\u00fcrstenaufsatz erleichtert die Anwendung auf Oberfl\u00e4chen wie Teppichen, Polstern und Tiertextilien mit Oxi-Power-Formel f\u00fcr eine kraftvolle Reinigung entfernt zuverl\u00e4ssig unangenehme Ger\u00fcche und Flecken aus Textilien, wie z. B. Urin, Kot und Erbrochenes Inhalt: 650 ml Inhaltsstoffe gem. Wasch- und Reinigungsmittelgesetz: AQUA, SODIUM ETHYLHEXYLSULFATE, TRIDECETH-5, HYDROGEN PEROXIDE, PARFUM, DIETHYLENETRIAMINE PENTAMETHYLENE PHOSHONIC ACID, PHOSPHORIC ACID, SODIUM BENZOATE [&hellip;]<\/p>\n","protected":false},"featured_media":48641,"comment_status":"closed","ping_status":"open","template":"","meta":[],"product_cat":[15098],"product_tag":[],"class_list":{"0":"post-48640","1":"product","2":"type-product","3":"status-publish","4":"has-post-thumbnail","6":"product_cat-nuetzliche-helfer-haus-hof-2","8":"first","9":"instock","10":"taxable","11":"shipping-taxable","12":"purchasable","13":"product-type-simple"},"_links":{"self":[{"href":"https:\/\/all-pets.de\/shop\/wp-json\/wp\/v2\/product\/48640","targetHints":{"allow":["GET"]}}],"collection":[{"href":"https:\/\/all-pets.de\/shop\/wp-json\/wp\/v2\/product"}],"about":[{"href":"https:\/\/all-pets.de\/shop\/wp-json\/wp\/v2\/types\/product"}],"replies":[{"embeddable":true,"href":"https:\/\/all-pets.de\/shop\/wp-json\/wp\/v2\/comments?post=48640"}],"wp:featuredmedia":[{"embeddable":true,"href":"https:\/\/all-pets.de\/shop\/wp-json\/wp\/v2\/media\/48641"}],"wp:attachment":[{"href":"https:\/\/all-pets.de\/shop\/wp-json\/wp\/v2\/media?parent=48640"}],"wp:term":[{"taxonomy":"product_cat","embeddable":true,"href":"https:\/\/all-pets.de\/shop\/wp-json\/wp\/v2\/product_cat?post=48640"},{"taxonomy":"product_tag","embeddable":true,"href":"https:\/\/all-pets.de\/shop\/wp-json\/wp\/v2\/product_tag?post=48640"}],"curies":[{"name":"wp","href":"https:\/\/api.w.org\/{rel}","templated":true}]}}