{"id":48647,"date":"2023-12-12T10:58:50","date_gmt":"2023-12-12T09:58:50","guid":{"rendered":"https:\/\/pet-shopping.de\/shop\/produkt\/trixie-junior-hoehle-40-x-27-cm\/"},"modified":"2023-12-12T10:58:55","modified_gmt":"2023-12-12T09:58:55","slug":"trixie-junior-hoehle-40-x-27-cm","status":"publish","type":"product","link":"https:\/\/all-pets.de\/shop\/produkt\/trixie-junior-hoehle-40-x-27-cm\/","title":{"rendered":"Trixie Junior H\u00f6hle &#8211; 40 \u00d7 27 cm"},"content":{"rendered":"<ul>\n<li>Sweat-Material\/Pl\u00fcsch<\/li>\n<li>Polyester-Bezug<\/li>\n<li>Schaumstoff-F\u00fcllung<\/li>\n<li>Wendekissen mit Polyestervlies-F\u00fcllung<\/li>\n<li>rutschfester Boden<\/li>\n<li>Kissen bei 40\u00b0C waschbar<\/li>\n<li>H\u00f6hle: Handw\u00e4sche<\/li>\n<li>Ma\u00dfe: ca. \u00f8 40 \u00d7 27 cm<\/li>\n<li>Farbe: hellgrau\/mint<\/li>\n<\/ul>\n","protected":false},"excerpt":{"rendered":"<p>Sweat-Material\/Pl\u00fcsch Polyester-Bezug Schaumstoff-F\u00fcllung Wendekissen mit Polyestervlies-F\u00fcllung rutschfester Boden Kissen bei 40\u00b0C waschbar H\u00f6hle: Handw\u00e4sche Ma\u00dfe: ca. \u00f8 40 \u00d7 27 cm Farbe: hellgrau\/mint<\/p>\n","protected":false},"featured_media":48648,"comment_status":"closed","ping_status":"open","template":"","meta":[],"product_cat":[14208],"product_tag":[],"class_list":{"0":"post-48647","1":"product","2":"type-product","3":"status-publish","4":"has-post-thumbnail","6":"product_cat-liegehoehlen-betten-koerbe-haeuser-hoehlenhundewelt","8":"first","9":"instock","10":"taxable","11":"shipping-taxable","12":"purchasable","13":"product-type-simple"},"_links":{"self":[{"href":"https:\/\/all-pets.de\/shop\/wp-json\/wp\/v2\/product\/48647","targetHints":{"allow":["GET"]}}],"collection":[{"href":"https:\/\/all-pets.de\/shop\/wp-json\/wp\/v2\/product"}],"about":[{"href":"https:\/\/all-pets.de\/shop\/wp-json\/wp\/v2\/types\/product"}],"replies":[{"embeddable":true,"href":"https:\/\/all-pets.de\/shop\/wp-json\/wp\/v2\/comments?post=48647"}],"wp:featuredmedia":[{"embeddable":true,"href":"https:\/\/all-pets.de\/shop\/wp-json\/wp\/v2\/media\/48648"}],"wp:attachment":[{"href":"https:\/\/all-pets.de\/shop\/wp-json\/wp\/v2\/media?parent=48647"}],"wp:term":[{"taxonomy":"product_cat","embeddable":true,"href":"https:\/\/all-pets.de\/shop\/wp-json\/wp\/v2\/product_cat?post=48647"},{"taxonomy":"product_tag","embeddable":true,"href":"https:\/\/all-pets.de\/shop\/wp-json\/wp\/v2\/product_tag?post=48647"}],"curies":[{"name":"wp","href":"https:\/\/api.w.org\/{rel}","templated":true}]}}