{"id":48651,"date":"2023-12-12T10:58:50","date_gmt":"2023-12-12T09:58:50","guid":{"rendered":"https:\/\/pet-shopping.de\/shop\/produkt\/trixie-3-fach-teleskop-rampe-aluminium-tpr\/"},"modified":"2023-12-12T10:58:56","modified_gmt":"2023-12-12T09:58:56","slug":"trixie-3-fach-teleskop-rampe-aluminium-tpr","status":"publish","type":"product","link":"https:\/\/all-pets.de\/shop\/produkt\/trixie-3-fach-teleskop-rampe-aluminium-tpr\/","title":{"rendered":"Trixie 3-fach Teleskop-Rampe, Aluminium\/TPR"},"content":{"rendered":"<ul>\n<li>platzsparend zu verstauen<\/li>\n<li>rutschfeste Lauffl\u00e4che, auch bei N\u00e4sse<\/li>\n<li>Gummierung sch\u00fctzt Sto\u00dfstange<\/li>\n<li>stufenlos verstellbare L\u00e4nge<\/li>\n<li>Gewicht 6,8 kg<\/li>\n<li>Aluminium\/Kunststoff\/TPR<\/li>\n<li>tierschutzkonform nach \u00a7 18 (AT)<\/li>\n<li>Ma\u00dfe: ca. 40 x 78-175 cm (Breite x L\u00e4nge)<\/li>\n<\/ul>\n","protected":false},"excerpt":{"rendered":"<p>platzsparend zu verstauen rutschfeste Lauffl\u00e4che, auch bei N\u00e4sse Gummierung sch\u00fctzt Sto\u00dfstange stufenlos verstellbare L\u00e4nge Gewicht 6,8 kg Aluminium\/Kunststoff\/TPR tierschutzkonform nach \u00a7 18 (AT) Ma\u00dfe: ca. 40 x 78-175 cm (Breite x L\u00e4nge)<\/p>\n","protected":false},"featured_media":48652,"comment_status":"closed","ping_status":"open","template":"","meta":[],"product_cat":[13691],"product_tag":[],"class_list":{"0":"post-48651","1":"product","2":"type-product","3":"status-publish","4":"has-post-thumbnail","6":"product_cat-autozubehoer","8":"first","9":"instock","10":"taxable","11":"shipping-taxable","12":"purchasable","13":"product-type-simple"},"_links":{"self":[{"href":"https:\/\/all-pets.de\/shop\/wp-json\/wp\/v2\/product\/48651","targetHints":{"allow":["GET"]}}],"collection":[{"href":"https:\/\/all-pets.de\/shop\/wp-json\/wp\/v2\/product"}],"about":[{"href":"https:\/\/all-pets.de\/shop\/wp-json\/wp\/v2\/types\/product"}],"replies":[{"embeddable":true,"href":"https:\/\/all-pets.de\/shop\/wp-json\/wp\/v2\/comments?post=48651"}],"wp:featuredmedia":[{"embeddable":true,"href":"https:\/\/all-pets.de\/shop\/wp-json\/wp\/v2\/media\/48652"}],"wp:attachment":[{"href":"https:\/\/all-pets.de\/shop\/wp-json\/wp\/v2\/media?parent=48651"}],"wp:term":[{"taxonomy":"product_cat","embeddable":true,"href":"https:\/\/all-pets.de\/shop\/wp-json\/wp\/v2\/product_cat?post=48651"},{"taxonomy":"product_tag","embeddable":true,"href":"https:\/\/all-pets.de\/shop\/wp-json\/wp\/v2\/product_tag?post=48651"}],"curies":[{"name":"wp","href":"https:\/\/api.w.org\/{rel}","templated":true}]}}