{"id":48672,"date":"2023-12-12T10:58:50","date_gmt":"2023-12-12T09:58:50","guid":{"rendered":"https:\/\/pet-shopping.de\/shop\/produkt\/trixie-katzenbett-harvey-aus-filz-und-pluesch\/"},"modified":"2023-12-12T10:58:59","modified_gmt":"2023-12-12T09:58:59","slug":"trixie-katzenbett-harvey-aus-filz-und-pluesch","status":"publish","type":"product","link":"https:\/\/all-pets.de\/shop\/produkt\/trixie-katzenbett-harvey-aus-filz-und-pluesch\/","title":{"rendered":"Trixie Katzenbett Harvey aus Filz und Pl\u00fcsch"},"content":{"rendered":"<ul>\n<li>Filz\/Langhaar-Pl\u00fcsch<\/li>\n<li>Polyester-Bezug<\/li>\n<li>Polyestervlies-F\u00fcllung<\/li>\n<li>Bezug herausnehmbar<\/li>\n<li>durch Druckkn\u00f6pfe schnell und einfach aufzubauen<\/li>\n<li>Ma\u00dfe: ca. \u00f8 33 \u00d7 27 cm<\/li>\n<li>Farbe: anthrazit\/wei\u00df-schwarz<\/li>\n<\/ul>\n","protected":false},"excerpt":{"rendered":"<p>Filz\/Langhaar-Pl\u00fcsch Polyester-Bezug Polyestervlies-F\u00fcllung Bezug herausnehmbar durch Druckkn\u00f6pfe schnell und einfach aufzubauen Ma\u00dfe: ca. \u00f8 33 \u00d7 27 cm Farbe: anthrazit\/wei\u00df-schwarz<\/p>\n","protected":false},"featured_media":48673,"comment_status":"closed","ping_status":"open","template":"","meta":[],"product_cat":[14310],"product_tag":[],"class_list":{"0":"post-48672","1":"product","2":"type-product","3":"status-publish","4":"has-post-thumbnail","6":"product_cat-betten-sofas-katzenbetten-katzenkoerbe","8":"first","9":"instock","10":"taxable","11":"shipping-taxable","12":"purchasable","13":"product-type-simple"},"_links":{"self":[{"href":"https:\/\/all-pets.de\/shop\/wp-json\/wp\/v2\/product\/48672","targetHints":{"allow":["GET"]}}],"collection":[{"href":"https:\/\/all-pets.de\/shop\/wp-json\/wp\/v2\/product"}],"about":[{"href":"https:\/\/all-pets.de\/shop\/wp-json\/wp\/v2\/types\/product"}],"replies":[{"embeddable":true,"href":"https:\/\/all-pets.de\/shop\/wp-json\/wp\/v2\/comments?post=48672"}],"wp:featuredmedia":[{"embeddable":true,"href":"https:\/\/all-pets.de\/shop\/wp-json\/wp\/v2\/media\/48673"}],"wp:attachment":[{"href":"https:\/\/all-pets.de\/shop\/wp-json\/wp\/v2\/media?parent=48672"}],"wp:term":[{"taxonomy":"product_cat","embeddable":true,"href":"https:\/\/all-pets.de\/shop\/wp-json\/wp\/v2\/product_cat?post=48672"},{"taxonomy":"product_tag","embeddable":true,"href":"https:\/\/all-pets.de\/shop\/wp-json\/wp\/v2\/product_tag?post=48672"}],"curies":[{"name":"wp","href":"https:\/\/api.w.org\/{rel}","templated":true}]}}