{"id":48680,"date":"2023-12-12T10:58:50","date_gmt":"2023-12-12T09:58:50","guid":{"rendered":"https:\/\/pet-shopping.de\/shop\/produkt\/bunny-home-labyrinth-mini\/"},"modified":"2023-12-12T10:59:01","modified_gmt":"2023-12-12T09:59:01","slug":"bunny-home-labyrinth-mini","status":"publish","type":"product","link":"https:\/\/all-pets.de\/shop\/produkt\/bunny-home-labyrinth-mini\/","title":{"rendered":"Bunny @home Labyrinth MINI"},"content":{"rendered":"<p>Jetzt kann der Labyrinth-Spa\u00df auch f\u00fcr die Kleinnager beginnen! <br \/>Kaum ist das Mini-Labyrinth kinderleicht zusammengesteckt, schon wird das neue Gebiet fasziniert erkundet. <br \/>Hier darf gesprungen, geklettert und sich versteckt werden \u2013 ganz nach Laune. <br \/>Die ein oder andere H\u00f6hle wird gebaut und zum neuen Territorium erkl\u00e4rt. Hier haben die Kleinnager richtig viel Freude.<\/p>\n<ul class=\"benefits\">\n<li class=\"benefit\">\n<div class=\"titel\">Fixierung der Dachplatte f\u00fcr sicheren Halt<\/div>\n<div class=\"content\">Einfaches Aufstocken von weiteren Labyrinthen m\u00f6glich, durch bewegliche Steckverbinder.<\/div>\n<\/li>\n<li class=\"benefit\">\n<div class=\"titel\">Mehrere Ein- und Ausg\u00e4nge<\/div>\n<div class=\"content\">Ideal f\u00fcr den Labyrinth-Charakter<\/div>\n<\/li>\n<li class=\"benefit\">\n<div class=\"titel\">Flexibles Stecken der Innenw\u00e4nde f\u00fcr immer neue Labyrinthwege<\/div>\n<\/li>\n<li class=\"benefit\">\n<div class=\"titel\">Individuell zu erweitern durch weitere Labyrinthe<\/div>\n<\/li>\n<li class=\"benefit\">\n<div class=\"titel\">Interaktiv: zum Spielen, Verstecken, Klettern, Schlummern, Laufen<\/div>\n<\/li>\n<li class=\"benefit\">\n<div class=\"titel\">Abgerundete Kanten, stabiles Birkenholz<\/div>\n<\/li>\n<li class=\"benefit\">\n<div class=\"titel\">Einfaches Stecksystem, leicht auf- und abzubauen<\/div>\n<\/li>\n<li class=\"benefit\">\n<div class=\"titel\">Fixierung der Dachplatte f\u00fcr sicheren Halt<\/div>\n<div class=\"content\">Einfaches Aufstocken von weiteren Labyrinthen m\u00f6glich<\/div>\n<\/li>\n<li class=\"benefit\">\n<div class=\"titel\">Individuell einsetzbar<\/div>\n<div class=\"content\">Flexible Innenteile f\u00fcr ein immer neues Labyrinth-Vergn\u00fcgen<\/div>\n<\/li>\n<\/ul>\n<p>Ma\u00dfe: Labyrinth: 24 x 10 x 24 cm (B|H|T) | \u00d6ffnungen: 7,5 x 6,5 cm | Holzst\u00e4rke: 0,9 cm<\/p>\n","protected":false},"excerpt":{"rendered":"<p>Jetzt kann der Labyrinth-Spa\u00df auch f\u00fcr die Kleinnager beginnen! Kaum ist das Mini-Labyrinth kinderleicht zusammengesteckt, schon wird das neue Gebiet fasziniert erkundet. Hier darf gesprungen, geklettert und sich versteckt werden \u2013 ganz nach Laune. Die ein oder andere H\u00f6hle wird gebaut und zum neuen Territorium erkl\u00e4rt. Hier haben die Kleinnager richtig viel Freude. Fixierung der [&hellip;]<\/p>\n","protected":false},"featured_media":48681,"comment_status":"closed","ping_status":"open","template":"","meta":[],"product_cat":[13745],"product_tag":[],"class_list":{"0":"post-48680","1":"product","2":"type-product","3":"status-publish","4":"has-post-thumbnail","6":"product_cat-spiel-sport","8":"first","9":"instock","10":"taxable","11":"shipping-taxable","12":"purchasable","13":"product-type-simple"},"_links":{"self":[{"href":"https:\/\/all-pets.de\/shop\/wp-json\/wp\/v2\/product\/48680","targetHints":{"allow":["GET"]}}],"collection":[{"href":"https:\/\/all-pets.de\/shop\/wp-json\/wp\/v2\/product"}],"about":[{"href":"https:\/\/all-pets.de\/shop\/wp-json\/wp\/v2\/types\/product"}],"replies":[{"embeddable":true,"href":"https:\/\/all-pets.de\/shop\/wp-json\/wp\/v2\/comments?post=48680"}],"wp:featuredmedia":[{"embeddable":true,"href":"https:\/\/all-pets.de\/shop\/wp-json\/wp\/v2\/media\/48681"}],"wp:attachment":[{"href":"https:\/\/all-pets.de\/shop\/wp-json\/wp\/v2\/media?parent=48680"}],"wp:term":[{"taxonomy":"product_cat","embeddable":true,"href":"https:\/\/all-pets.de\/shop\/wp-json\/wp\/v2\/product_cat?post=48680"},{"taxonomy":"product_tag","embeddable":true,"href":"https:\/\/all-pets.de\/shop\/wp-json\/wp\/v2\/product_tag?post=48680"}],"curies":[{"name":"wp","href":"https:\/\/api.w.org\/{rel}","templated":true}]}}