{"id":48699,"date":"2023-12-12T10:59:04","date_gmt":"2023-12-12T09:59:04","guid":{"rendered":"https:\/\/pet-shopping.de\/shop\/produkt\/procyon-tpr-trainingsdummy-rot\/"},"modified":"2023-12-12T10:59:05","modified_gmt":"2023-12-12T09:59:05","slug":"procyon-tpr-trainingsdummy-rot","status":"publish","type":"product","link":"https:\/\/all-pets.de\/shop\/produkt\/procyon-tpr-trainingsdummy-rot\/","title":{"rendered":"PROCYON TPR Trainingsdummy &#8211; rot"},"content":{"rendered":"<p>Hochwertiger Trainingsdummy aus TPR mit Handschlaufe.<\/p>\n<p>&#8211; schwimmf\u00e4hig<br \/>&#8211; ungiftig<br \/>&#8211; lebensmittelecht<br \/>&#8211; sp\u00fclmaschinenfest<br \/>&#8211; frostfest<\/p>\n<p>Gr\u00f6\u00dfe: ca. 27 x 5 cm<br \/>Farbe: rot<\/p>\n","protected":false},"excerpt":{"rendered":"<p>Hochwertiger Trainingsdummy aus TPR mit Handschlaufe. &#8211; schwimmf\u00e4hig&#8211; ungiftig&#8211; lebensmittelecht&#8211; sp\u00fclmaschinenfest&#8211; frostfest Gr\u00f6\u00dfe: ca. 27 x 5 cmFarbe: rot<\/p>\n","protected":false},"featured_media":48700,"comment_status":"closed","ping_status":"open","template":"","meta":[],"product_cat":[13847],"product_tag":[],"class_list":{"0":"post-48699","1":"product","2":"type-product","3":"status-publish","4":"has-post-thumbnail","6":"product_cat-trainings-zubehoer-erziehung-apportierenhundewelt","8":"first","9":"instock","10":"taxable","11":"shipping-taxable","12":"purchasable","13":"product-type-simple"},"_links":{"self":[{"href":"https:\/\/all-pets.de\/shop\/wp-json\/wp\/v2\/product\/48699","targetHints":{"allow":["GET"]}}],"collection":[{"href":"https:\/\/all-pets.de\/shop\/wp-json\/wp\/v2\/product"}],"about":[{"href":"https:\/\/all-pets.de\/shop\/wp-json\/wp\/v2\/types\/product"}],"replies":[{"embeddable":true,"href":"https:\/\/all-pets.de\/shop\/wp-json\/wp\/v2\/comments?post=48699"}],"wp:featuredmedia":[{"embeddable":true,"href":"https:\/\/all-pets.de\/shop\/wp-json\/wp\/v2\/media\/48700"}],"wp:attachment":[{"href":"https:\/\/all-pets.de\/shop\/wp-json\/wp\/v2\/media?parent=48699"}],"wp:term":[{"taxonomy":"product_cat","embeddable":true,"href":"https:\/\/all-pets.de\/shop\/wp-json\/wp\/v2\/product_cat?post=48699"},{"taxonomy":"product_tag","embeddable":true,"href":"https:\/\/all-pets.de\/shop\/wp-json\/wp\/v2\/product_tag?post=48699"}],"curies":[{"name":"wp","href":"https:\/\/api.w.org\/{rel}","templated":true}]}}