{"id":48707,"date":"2023-12-12T10:59:04","date_gmt":"2023-12-12T09:59:04","guid":{"rendered":"https:\/\/pet-shopping.de\/shop\/produkt\/kerbl-kletterwand-anden-7-teilig\/"},"modified":"2023-12-12T10:59:07","modified_gmt":"2023-12-12T09:59:07","slug":"kerbl-kletterwand-anden-7-teilig","status":"publish","type":"product","link":"https:\/\/all-pets.de\/shop\/produkt\/kerbl-kletterwand-anden-7-teilig\/","title":{"rendered":"Kerbl Kletterwand Anden &#8211; 7-teilig"},"content":{"rendered":"<div class=\"col-xl\">\n<div id=\"BodyContentPlaceHolder_BodyContentPlaceHolder_ctl00_ProductDescriptionCtrl\" class=\"item-desc has-mb\">\n<div class=\"smlMain\">\n<ul style=\"padding-left: 20px \">\n<li class=\"smlP\">7-teilig<\/li>\n<li class=\"smlP\">2 Trittstufen mit Sisal: 15 cm, \u00d8 9 cm<\/li>\n<li class=\"smlP\">Liegebrett mit abnehmbarem Kissen: 40 x 31 cm<\/li>\n<li class=\"smlP\">Sisals\u00e4ule als Rampe: 50 cm, \u00d8 9 cm<\/li>\n<li class=\"smlP\">Liegemulde: 50 x 35 cm<\/li>\n<li class=\"smlP\">H\u00e4ngebr\u00fccke mit Sisalbezug: 85 x 20 cm<\/li>\n<li class=\"smlP\">H\u00f6hle mit innenliegendem Kissen: 50 x 38 x 30 cm<\/li>\n<\/ul>\n<\/div>\n<\/div>\n<\/div>\n","protected":false},"excerpt":{"rendered":"<p>7-teilig 2 Trittstufen mit Sisal: 15 cm, \u00d8 9 cm Liegebrett mit abnehmbarem Kissen: 40 x 31 cm Sisals\u00e4ule als Rampe: 50 cm, \u00d8 9 cm Liegemulde: 50 x 35 cm H\u00e4ngebr\u00fccke mit Sisalbezug: 85 x 20 cm H\u00f6hle mit innenliegendem Kissen: 50 x 38 x 30 cm<\/p>\n","protected":false},"featured_media":48708,"comment_status":"closed","ping_status":"open","template":"","meta":[],"product_cat":[15080],"product_tag":[],"class_list":{"0":"post-48707","1":"product","2":"type-product","3":"status-publish","4":"has-post-thumbnail","6":"product_cat-wandmoebel-kratzbaeume-moebel-kratzbretter-artikelkatzenwelt-kratzbaeume-moebel","8":"first","9":"instock","10":"taxable","11":"shipping-taxable","12":"purchasable","13":"product-type-simple"},"_links":{"self":[{"href":"https:\/\/all-pets.de\/shop\/wp-json\/wp\/v2\/product\/48707","targetHints":{"allow":["GET"]}}],"collection":[{"href":"https:\/\/all-pets.de\/shop\/wp-json\/wp\/v2\/product"}],"about":[{"href":"https:\/\/all-pets.de\/shop\/wp-json\/wp\/v2\/types\/product"}],"replies":[{"embeddable":true,"href":"https:\/\/all-pets.de\/shop\/wp-json\/wp\/v2\/comments?post=48707"}],"wp:featuredmedia":[{"embeddable":true,"href":"https:\/\/all-pets.de\/shop\/wp-json\/wp\/v2\/media\/48708"}],"wp:attachment":[{"href":"https:\/\/all-pets.de\/shop\/wp-json\/wp\/v2\/media?parent=48707"}],"wp:term":[{"taxonomy":"product_cat","embeddable":true,"href":"https:\/\/all-pets.de\/shop\/wp-json\/wp\/v2\/product_cat?post=48707"},{"taxonomy":"product_tag","embeddable":true,"href":"https:\/\/all-pets.de\/shop\/wp-json\/wp\/v2\/product_tag?post=48707"}],"curies":[{"name":"wp","href":"https:\/\/api.w.org\/{rel}","templated":true}]}}