{"id":48711,"date":"2023-12-12T10:59:04","date_gmt":"2023-12-12T09:59:04","guid":{"rendered":"https:\/\/pet-shopping.de\/shop\/produkt\/trixie-kletterlandschaft-wand-set-2\/"},"modified":"2023-12-12T10:59:07","modified_gmt":"2023-12-12T09:59:07","slug":"trixie-kletterlandschaft-wand-set-2","status":"publish","type":"product","link":"https:\/\/all-pets.de\/shop\/produkt\/trixie-kletterlandschaft-wand-set-2\/","title":{"rendered":"Trixie Kletterlandschaft Wand-Set 2"},"content":{"rendered":"<ul style=\"margin: 0px  padding: 0px 0px 0px 18px  clear: both  color: rgb(47, 49, 55)  font-family: \"Open Sans\", Helvetica, sans-serif  font-size: 13px  font-style: normal  font-variant-ligatures: normal  font-variant-caps: normal  font-weight: 400  letter-spacing: normal  orphans: 2  text-align: start  text-indent: 0px  text-transform: none  white-space: normal  widows: 2  word-spacing: 0px  -webkit-text-stroke-width: 0px  background-color: rgb(255, 255, 255)  text-decoration-thickness: initial  text-decoration-style: initial  text-decoration-color: initial \">\n<li style=\"margin-bottom: 5px \">Holz\/Sisal<\/li>\n<li style=\"margin-bottom: 5px \">f\u00fcr Kletterlandschaften geeignet<\/li>\n<li style=\"margin-bottom: 5px \">erweitert den Lebensraum der Katze um h\u00f6her gelegene Bereiche<\/li>\n<li style=\"margin-bottom: 5px \">Set beinhaltet: 2 x Wandelement I, 2 x Wandelement II, 3 St\u00e4mme mit Sisalteppich (\u00f8 9 \u00d7 58 cm)<\/li>\n<li style=\"margin-bottom: 5px \">Farbe: wei\u00df lasiert\/grau<\/li>\n<li style=\"margin-bottom: 5px \">Ma\u00dfe: ca. 195 \u00d7 78 cm<\/li>\n<\/ul>\n","protected":false},"excerpt":{"rendered":"<p>Holz\/Sisal f\u00fcr Kletterlandschaften geeignet erweitert den Lebensraum der Katze um h\u00f6her gelegene Bereiche Set beinhaltet: 2 x Wandelement I, 2 x Wandelement II, 3 St\u00e4mme mit Sisalteppich (\u00f8 9 \u00d7 58 cm) Farbe: wei\u00df lasiert\/grau Ma\u00dfe: ca. 195 \u00d7 78 cm<\/p>\n","protected":false},"featured_media":48712,"comment_status":"closed","ping_status":"open","template":"","meta":[],"product_cat":[15110],"product_tag":[],"class_list":{"0":"post-48711","1":"product","2":"type-product","3":"status-publish","4":"has-post-thumbnail","6":"product_cat-kratzbretter-artikel-kratzbaeume-moebel-wandmoebelkatzenwelt","8":"first","9":"instock","10":"taxable","11":"shipping-taxable","12":"purchasable","13":"product-type-simple"},"_links":{"self":[{"href":"https:\/\/all-pets.de\/shop\/wp-json\/wp\/v2\/product\/48711","targetHints":{"allow":["GET"]}}],"collection":[{"href":"https:\/\/all-pets.de\/shop\/wp-json\/wp\/v2\/product"}],"about":[{"href":"https:\/\/all-pets.de\/shop\/wp-json\/wp\/v2\/types\/product"}],"replies":[{"embeddable":true,"href":"https:\/\/all-pets.de\/shop\/wp-json\/wp\/v2\/comments?post=48711"}],"wp:featuredmedia":[{"embeddable":true,"href":"https:\/\/all-pets.de\/shop\/wp-json\/wp\/v2\/media\/48712"}],"wp:attachment":[{"href":"https:\/\/all-pets.de\/shop\/wp-json\/wp\/v2\/media?parent=48711"}],"wp:term":[{"taxonomy":"product_cat","embeddable":true,"href":"https:\/\/all-pets.de\/shop\/wp-json\/wp\/v2\/product_cat?post=48711"},{"taxonomy":"product_tag","embeddable":true,"href":"https:\/\/all-pets.de\/shop\/wp-json\/wp\/v2\/product_tag?post=48711"}],"curies":[{"name":"wp","href":"https:\/\/api.w.org\/{rel}","templated":true}]}}