{"id":48715,"date":"2023-12-12T10:59:04","date_gmt":"2023-12-12T09:59:04","guid":{"rendered":"https:\/\/pet-shopping.de\/shop\/produkt\/trixie-liegematte-harvey-fuer-regale\/"},"modified":"2023-12-12T10:59:08","modified_gmt":"2023-12-12T09:59:08","slug":"trixie-liegematte-harvey-fuer-regale","status":"publish","type":"product","link":"https:\/\/all-pets.de\/shop\/produkt\/trixie-liegematte-harvey-fuer-regale\/","title":{"rendered":"Trixie Liegematte Harvey f\u00fcr Regale"},"content":{"rendered":"<ul>\n<li>Pl\u00fcsch-Bezug (Polyester)<\/li>\n<li>d\u00fcnne Schaumstoff-F\u00fcllung<\/li>\n<li>passend z.B. f\u00fcr IKEA Kallax<\/li>\n<li>rutschfester Gummiboden<\/li>\n<li>Ma\u00dfe: ca. 33 \u00d7 38 cm<\/li>\n<li>Handw\u00e4sche<\/li>\n<li>Farbe: wei\u00df-schwarz<\/li>\n<\/ul>\n","protected":false},"excerpt":{"rendered":"<p>Pl\u00fcsch-Bezug (Polyester) d\u00fcnne Schaumstoff-F\u00fcllung passend z.B. f\u00fcr IKEA Kallax rutschfester Gummiboden Ma\u00dfe: ca. 33 \u00d7 38 cm Handw\u00e4sche Farbe: wei\u00df-schwarz<\/p>\n","protected":false},"featured_media":48716,"comment_status":"closed","ping_status":"open","template":"","meta":[],"product_cat":[13987],"product_tag":[],"class_list":{"0":"post-48715","1":"product","2":"type-product","3":"status-publish","4":"has-post-thumbnail","6":"product_cat-katzenkissen","8":"first","9":"instock","10":"taxable","11":"shipping-taxable","12":"purchasable","13":"product-type-simple"},"_links":{"self":[{"href":"https:\/\/all-pets.de\/shop\/wp-json\/wp\/v2\/product\/48715","targetHints":{"allow":["GET"]}}],"collection":[{"href":"https:\/\/all-pets.de\/shop\/wp-json\/wp\/v2\/product"}],"about":[{"href":"https:\/\/all-pets.de\/shop\/wp-json\/wp\/v2\/types\/product"}],"replies":[{"embeddable":true,"href":"https:\/\/all-pets.de\/shop\/wp-json\/wp\/v2\/comments?post=48715"}],"wp:featuredmedia":[{"embeddable":true,"href":"https:\/\/all-pets.de\/shop\/wp-json\/wp\/v2\/media\/48716"}],"wp:attachment":[{"href":"https:\/\/all-pets.de\/shop\/wp-json\/wp\/v2\/media?parent=48715"}],"wp:term":[{"taxonomy":"product_cat","embeddable":true,"href":"https:\/\/all-pets.de\/shop\/wp-json\/wp\/v2\/product_cat?post=48715"},{"taxonomy":"product_tag","embeddable":true,"href":"https:\/\/all-pets.de\/shop\/wp-json\/wp\/v2\/product_tag?post=48715"}],"curies":[{"name":"wp","href":"https:\/\/api.w.org\/{rel}","templated":true}]}}