{"id":48723,"date":"2023-12-12T10:59:04","date_gmt":"2023-12-12T09:59:04","guid":{"rendered":"https:\/\/pet-shopping.de\/shop\/produkt\/trixie-kratzbaum-xxl-harvey\/"},"modified":"2023-12-12T10:59:10","modified_gmt":"2023-12-12T09:59:10","slug":"trixie-kratzbaum-xxl-harvey","status":"publish","type":"product","link":"https:\/\/all-pets.de\/shop\/produkt\/trixie-kratzbaum-xxl-harvey\/","title":{"rendered":"Trixie Kratzbaum XXL Harvey"},"content":{"rendered":"<ul>\n<li>besonders f\u00fcr gro\u00dfe Katzen geeignet<\/li>\n<li>Jute: \u00f8 6 mm\/Pl\u00fcsch (Polyester): 310 g\/m\u00b2<\/li>\n<li>H\u00f6hle mit Fleece (Polyester) ausgestattet<\/li>\n<li>Kuschelbett mit gepolstertem Rand<\/li>\n<li>mit 3 Wendekissen: Handw\u00e4sche<\/li>\n<li>dicke, schwere Bodenplatte<\/li>\n<li>Farbe: grau<\/li>\n<li>Grundfl\u00e4che: ca. 86 \u00d7 54 cm<\/li>\n<li>Stamm: \u00f8 15 cm<\/li>\n<li>H\u00f6he: ca. 96 cm<\/li>\n<\/ul>\n","protected":false},"excerpt":{"rendered":"<p>besonders f\u00fcr gro\u00dfe Katzen geeignet Jute: \u00f8 6 mm\/Pl\u00fcsch (Polyester): 310 g\/m\u00b2 H\u00f6hle mit Fleece (Polyester) ausgestattet Kuschelbett mit gepolstertem Rand mit 3 Wendekissen: Handw\u00e4sche dicke, schwere Bodenplatte Farbe: grau Grundfl\u00e4che: ca. 86 \u00d7 54 cm Stamm: \u00f8 15 cm H\u00f6he: ca. 96 cm<\/p>\n","protected":false},"featured_media":48724,"comment_status":"closed","ping_status":"open","template":"","meta":[],"product_cat":[13936],"product_tag":[],"class_list":{"0":"post-48723","1":"product","2":"type-product","3":"status-publish","4":"has-post-thumbnail","6":"product_cat-bis-100-cm-kratzbaeume-moebel-kratzbaum-fuer-grosse-katzenkatzenwelt","8":"first","9":"instock","10":"taxable","11":"shipping-taxable","12":"purchasable","13":"product-type-simple"},"_links":{"self":[{"href":"https:\/\/all-pets.de\/shop\/wp-json\/wp\/v2\/product\/48723","targetHints":{"allow":["GET"]}}],"collection":[{"href":"https:\/\/all-pets.de\/shop\/wp-json\/wp\/v2\/product"}],"about":[{"href":"https:\/\/all-pets.de\/shop\/wp-json\/wp\/v2\/types\/product"}],"replies":[{"embeddable":true,"href":"https:\/\/all-pets.de\/shop\/wp-json\/wp\/v2\/comments?post=48723"}],"wp:featuredmedia":[{"embeddable":true,"href":"https:\/\/all-pets.de\/shop\/wp-json\/wp\/v2\/media\/48724"}],"wp:attachment":[{"href":"https:\/\/all-pets.de\/shop\/wp-json\/wp\/v2\/media?parent=48723"}],"wp:term":[{"taxonomy":"product_cat","embeddable":true,"href":"https:\/\/all-pets.de\/shop\/wp-json\/wp\/v2\/product_cat?post=48723"},{"taxonomy":"product_tag","embeddable":true,"href":"https:\/\/all-pets.de\/shop\/wp-json\/wp\/v2\/product_tag?post=48723"}],"curies":[{"name":"wp","href":"https:\/\/api.w.org\/{rel}","templated":true}]}}