{"id":48727,"date":"2023-12-12T10:59:04","date_gmt":"2023-12-12T09:59:04","guid":{"rendered":"https:\/\/pet-shopping.de\/shop\/produkt\/trixie-kratzbaum-susana\/"},"modified":"2023-12-12T10:59:11","modified_gmt":"2023-12-12T09:59:11","slug":"trixie-kratzbaum-susana","status":"publish","type":"product","link":"https:\/\/all-pets.de\/shop\/produkt\/trixie-kratzbaum-susana\/","title":{"rendered":"Trixie Kratzbaum Susana"},"content":{"rendered":"<ul>\n<li>Sisal: \u00f8 6 mm (Stamm)\/Pl\u00fcsch (Polyester): 280 g\/m\u00b2\/Velours (Polyester)<\/li>\n<li>H\u00f6hle mit Pl\u00fcsch\/Fleece (Polyester) ausgestattet<\/li>\n<li>mit 2 Wendekissen: Handw\u00e4sche<\/li>\n<li>Liegeplatte mit abnehmbarem Kuschelbett<\/li>\n<li>Kuschelbett mit gepolstertem Rand<\/li>\n<li>Farbe: schwarz\/lichtgrau\/grau<\/li>\n<li>Grundfl\u00e4che: ca. 54 \u00d7 44 cm<\/li>\n<li>Stamm: ca. \u00f8 9 cm<\/li>\n<li>H\u00f6he: ca. 90 cm<\/li>\n<\/ul>\n","protected":false},"excerpt":{"rendered":"<p>Sisal: \u00f8 6 mm (Stamm)\/Pl\u00fcsch (Polyester): 280 g\/m\u00b2\/Velours (Polyester) H\u00f6hle mit Pl\u00fcsch\/Fleece (Polyester) ausgestattet mit 2 Wendekissen: Handw\u00e4sche Liegeplatte mit abnehmbarem Kuschelbett Kuschelbett mit gepolstertem Rand Farbe: schwarz\/lichtgrau\/grau Grundfl\u00e4che: ca. 54 \u00d7 44 cm Stamm: ca. \u00f8 9 cm H\u00f6he: ca. 90 cm<\/p>\n","protected":false},"featured_media":48728,"comment_status":"closed","ping_status":"open","template":"","meta":[],"product_cat":[15066],"product_tag":[],"class_list":{"0":"post-48727","1":"product","2":"type-product","3":"status-publish","4":"has-post-thumbnail","6":"product_cat-kratztonnen-kratzbaeume-moebel-bis-100-cmkatzenwelt","8":"first","9":"instock","10":"taxable","11":"shipping-taxable","12":"purchasable","13":"product-type-simple"},"_links":{"self":[{"href":"https:\/\/all-pets.de\/shop\/wp-json\/wp\/v2\/product\/48727","targetHints":{"allow":["GET"]}}],"collection":[{"href":"https:\/\/all-pets.de\/shop\/wp-json\/wp\/v2\/product"}],"about":[{"href":"https:\/\/all-pets.de\/shop\/wp-json\/wp\/v2\/types\/product"}],"replies":[{"embeddable":true,"href":"https:\/\/all-pets.de\/shop\/wp-json\/wp\/v2\/comments?post=48727"}],"wp:featuredmedia":[{"embeddable":true,"href":"https:\/\/all-pets.de\/shop\/wp-json\/wp\/v2\/media\/48728"}],"wp:attachment":[{"href":"https:\/\/all-pets.de\/shop\/wp-json\/wp\/v2\/media?parent=48727"}],"wp:term":[{"taxonomy":"product_cat","embeddable":true,"href":"https:\/\/all-pets.de\/shop\/wp-json\/wp\/v2\/product_cat?post=48727"},{"taxonomy":"product_tag","embeddable":true,"href":"https:\/\/all-pets.de\/shop\/wp-json\/wp\/v2\/product_tag?post=48727"}],"curies":[{"name":"wp","href":"https:\/\/api.w.org\/{rel}","templated":true}]}}