{"id":48775,"date":"2023-12-12T10:59:17","date_gmt":"2023-12-12T09:59:17","guid":{"rendered":"https:\/\/pet-shopping.de\/shop\/produkt\/trixie-kuschelhoehle-minou-hellgrau-grau\/"},"modified":"2023-12-12T10:59:21","modified_gmt":"2023-12-12T09:59:21","slug":"trixie-kuschelhoehle-minou-hellgrau-grau","status":"publish","type":"product","link":"https:\/\/all-pets.de\/shop\/produkt\/trixie-kuschelhoehle-minou-hellgrau-grau\/","title":{"rendered":"Trixie Kuschelh\u00f6hle Minou &#8211; hellgrau\/grau"},"content":{"rendered":"<ul>\n<li>f\u00fcr gro\u00dfe Katzen und mittelgro\u00dfe Hunde<\/li>\n<li>Softpl\u00fcsch<\/li>\n<li>Polyester-Bezug<\/li>\n<li>Schaumstoff-F\u00fcllung<\/li>\n<li>Wendekissen mit Polyestervlies-F\u00fcllung, gesteppt<\/li>\n<li>rutschfester Boden<\/li>\n<li>Handw\u00e4sche<\/li>\n<li>Ma\u00dfe: ca. 41 \u00d7 30 \u00d7 50 cm<\/li>\n<li>Farbe: hellgrau\/grau<\/li>\n<\/ul>\n","protected":false},"excerpt":{"rendered":"<p>f\u00fcr gro\u00dfe Katzen und mittelgro\u00dfe Hunde Softpl\u00fcsch Polyester-Bezug Schaumstoff-F\u00fcllung Wendekissen mit Polyestervlies-F\u00fcllung, gesteppt rutschfester Boden Handw\u00e4sche Ma\u00dfe: ca. 41 \u00d7 30 \u00d7 50 cm Farbe: hellgrau\/grau<\/p>\n","protected":false},"featured_media":48776,"comment_status":"closed","ping_status":"open","template":"","meta":[],"product_cat":[15035],"product_tag":[],"class_list":{"0":"post-48775","1":"product","2":"type-product","3":"status-publish","4":"has-post-thumbnail","6":"product_cat-haeuser-hoehlen-katzenbetten-katzenkoerbe-liegehoehlenkatzenwelt","8":"first","9":"instock","10":"taxable","11":"shipping-taxable","12":"purchasable","13":"product-type-simple"},"_links":{"self":[{"href":"https:\/\/all-pets.de\/shop\/wp-json\/wp\/v2\/product\/48775","targetHints":{"allow":["GET"]}}],"collection":[{"href":"https:\/\/all-pets.de\/shop\/wp-json\/wp\/v2\/product"}],"about":[{"href":"https:\/\/all-pets.de\/shop\/wp-json\/wp\/v2\/types\/product"}],"replies":[{"embeddable":true,"href":"https:\/\/all-pets.de\/shop\/wp-json\/wp\/v2\/comments?post=48775"}],"wp:featuredmedia":[{"embeddable":true,"href":"https:\/\/all-pets.de\/shop\/wp-json\/wp\/v2\/media\/48776"}],"wp:attachment":[{"href":"https:\/\/all-pets.de\/shop\/wp-json\/wp\/v2\/media?parent=48775"}],"wp:term":[{"taxonomy":"product_cat","embeddable":true,"href":"https:\/\/all-pets.de\/shop\/wp-json\/wp\/v2\/product_cat?post=48775"},{"taxonomy":"product_tag","embeddable":true,"href":"https:\/\/all-pets.de\/shop\/wp-json\/wp\/v2\/product_tag?post=48775"}],"curies":[{"name":"wp","href":"https:\/\/api.w.org\/{rel}","templated":true}]}}