{"id":48778,"date":"2023-12-12T10:59:17","date_gmt":"2023-12-12T09:59:17","guid":{"rendered":"https:\/\/pet-shopping.de\/shop\/produkt\/trixie-eck-massagebuerste-fuer-katzen\/"},"modified":"2023-12-12T10:59:21","modified_gmt":"2023-12-12T09:59:21","slug":"trixie-eck-massagebuerste-fuer-katzen","status":"publish","type":"product","link":"https:\/\/all-pets.de\/shop\/produkt\/trixie-eck-massagebuerste-fuer-katzen\/","title":{"rendered":"Trixie Eck-Massageb\u00fcrste f\u00fcr Katzen"},"content":{"rendered":"<ul>\n<li>Alternative zur Fellb\u00fcrste<\/li>\n<li>f\u00f6rdert die nat\u00fcrliche Fellpflege<\/li>\n<li>massiert und entfernt lose Haare<\/li>\n<li>flexible Borsten<\/li>\n<li>zur Befestigung an Ecken und geraden Oberfl\u00e4chen<\/li>\n<li>inkl. Katzenminze und Montagematerial<\/li>\n<li>Kunststoff<\/li>\n<li>Massage &#038; Glanz<\/li>\n<li>f\u00fcr kurzes und langes Fell geeignet<\/li>\n<li>Gr\u00f6\u00dfe: ca. 8 \u00d7 13 cm<\/li>\n<li>Farbe: grau<\/li>\n<\/ul>\n","protected":false},"excerpt":{"rendered":"<p>Alternative zur Fellb\u00fcrste f\u00f6rdert die nat\u00fcrliche Fellpflege massiert und entfernt lose Haare flexible Borsten zur Befestigung an Ecken und geraden Oberfl\u00e4chen inkl. Katzenminze und Montagematerial Kunststoff Massage &#038; Glanz f\u00fcr kurzes und langes Fell geeignet Gr\u00f6\u00dfe: ca. 8 \u00d7 13 cm Farbe: grau<\/p>\n","protected":false},"featured_media":48779,"comment_status":"closed","ping_status":"open","template":"","meta":[],"product_cat":[14110],"product_tag":[],"class_list":{"0":"post-48778","1":"product","2":"type-product","3":"status-publish","4":"has-post-thumbnail","6":"product_cat-katzenbuersten-striegel-fellpflege-pflege-gesundheit-katzenwelt","8":"first","9":"instock","10":"taxable","11":"shipping-taxable","12":"purchasable","13":"product-type-simple"},"_links":{"self":[{"href":"https:\/\/all-pets.de\/shop\/wp-json\/wp\/v2\/product\/48778","targetHints":{"allow":["GET"]}}],"collection":[{"href":"https:\/\/all-pets.de\/shop\/wp-json\/wp\/v2\/product"}],"about":[{"href":"https:\/\/all-pets.de\/shop\/wp-json\/wp\/v2\/types\/product"}],"replies":[{"embeddable":true,"href":"https:\/\/all-pets.de\/shop\/wp-json\/wp\/v2\/comments?post=48778"}],"wp:featuredmedia":[{"embeddable":true,"href":"https:\/\/all-pets.de\/shop\/wp-json\/wp\/v2\/media\/48779"}],"wp:attachment":[{"href":"https:\/\/all-pets.de\/shop\/wp-json\/wp\/v2\/media?parent=48778"}],"wp:term":[{"taxonomy":"product_cat","embeddable":true,"href":"https:\/\/all-pets.de\/shop\/wp-json\/wp\/v2\/product_cat?post=48778"},{"taxonomy":"product_tag","embeddable":true,"href":"https:\/\/all-pets.de\/shop\/wp-json\/wp\/v2\/product_tag?post=48778"}],"curies":[{"name":"wp","href":"https:\/\/api.w.org\/{rel}","templated":true}]}}