{"id":48782,"date":"2023-12-12T10:59:17","date_gmt":"2023-12-12T09:59:17","guid":{"rendered":"https:\/\/pet-shopping.de\/shop\/produkt\/trixie-junior-hase-mit-raschelfolie\/"},"modified":"2023-12-12T10:59:22","modified_gmt":"2023-12-12T09:59:22","slug":"trixie-junior-hase-mit-raschelfolie","status":"publish","type":"product","link":"https:\/\/all-pets.de\/shop\/produkt\/trixie-junior-hase-mit-raschelfolie\/","title":{"rendered":"Trixie Junior Hase mit Raschelfolie"},"content":{"rendered":"<ul>\n<li>Stoff\/Pl\u00fcsch (Polyester)<\/li>\n<li>mit Stimme und Raschelfolie<\/li>\n<li>Gr\u00f6\u00dfe: ca. 28 cm<\/li>\n<\/ul>\n","protected":false},"excerpt":{"rendered":"<p>Stoff\/Pl\u00fcsch (Polyester) mit Stimme und Raschelfolie Gr\u00f6\u00dfe: ca. 28 cm<\/p>\n","protected":false},"featured_media":48783,"comment_status":"closed","ping_status":"open","template":"","meta":[],"product_cat":[13885],"product_tag":[],"class_list":{"0":"post-48782","1":"product","2":"type-product","3":"status-publish","4":"has-post-thumbnail","6":"product_cat-puppy-spielzeug-hundespielzeug-sport","8":"first","9":"instock","10":"taxable","11":"shipping-taxable","12":"purchasable","13":"product-type-simple"},"_links":{"self":[{"href":"https:\/\/all-pets.de\/shop\/wp-json\/wp\/v2\/product\/48782","targetHints":{"allow":["GET"]}}],"collection":[{"href":"https:\/\/all-pets.de\/shop\/wp-json\/wp\/v2\/product"}],"about":[{"href":"https:\/\/all-pets.de\/shop\/wp-json\/wp\/v2\/types\/product"}],"replies":[{"embeddable":true,"href":"https:\/\/all-pets.de\/shop\/wp-json\/wp\/v2\/comments?post=48782"}],"wp:featuredmedia":[{"embeddable":true,"href":"https:\/\/all-pets.de\/shop\/wp-json\/wp\/v2\/media\/48783"}],"wp:attachment":[{"href":"https:\/\/all-pets.de\/shop\/wp-json\/wp\/v2\/media?parent=48782"}],"wp:term":[{"taxonomy":"product_cat","embeddable":true,"href":"https:\/\/all-pets.de\/shop\/wp-json\/wp\/v2\/product_cat?post=48782"},{"taxonomy":"product_tag","embeddable":true,"href":"https:\/\/all-pets.de\/shop\/wp-json\/wp\/v2\/product_tag?post=48782"}],"curies":[{"name":"wp","href":"https:\/\/api.w.org\/{rel}","templated":true}]}}