{"id":48789,"date":"2023-12-12T10:59:17","date_gmt":"2023-12-12T09:59:17","guid":{"rendered":"https:\/\/pet-shopping.de\/shop\/produkt\/trixie-front-hundefahrradkorb-aus-weide-natur\/"},"modified":"2023-12-12T10:59:23","modified_gmt":"2023-12-12T09:59:23","slug":"trixie-front-hundefahrradkorb-aus-weide-natur","status":"publish","type":"product","link":"https:\/\/all-pets.de\/shop\/produkt\/trixie-front-hundefahrradkorb-aus-weide-natur\/","title":{"rendered":"Trixie Front-Hundefahrradkorb aus Weide &#8211; natur"},"content":{"rendered":"<ul>\n<li>zum Einh\u00e4ngen an die Lenkstange<\/li>\n<li>mit Gitter, kunststoffbeschichtet<\/li>\n<li>aus Weide<\/li>\n<li>Farbe: natur<\/li>\n<li>Ma\u00dfe: ca. 44 \u00d7 48 \u00d7 33 cm<\/li>\n<li>bis zu: 5 kg<\/li>\n<\/ul>\n","protected":false},"excerpt":{"rendered":"<p>zum Einh\u00e4ngen an die Lenkstange mit Gitter, kunststoffbeschichtet aus Weide Farbe: natur Ma\u00dfe: ca. 44 \u00d7 48 \u00d7 33 cm bis zu: 5 kg<\/p>\n","protected":false},"featured_media":48790,"comment_status":"closed","ping_status":"open","template":"","meta":[],"product_cat":[13843],"product_tag":[],"class_list":{"0":"post-48789","1":"product","2":"type-product","3":"status-publish","4":"has-post-thumbnail","6":"product_cat-rad-und-joggingzubehoer","8":"first","9":"instock","10":"taxable","11":"shipping-taxable","12":"purchasable","13":"product-type-simple"},"_links":{"self":[{"href":"https:\/\/all-pets.de\/shop\/wp-json\/wp\/v2\/product\/48789","targetHints":{"allow":["GET"]}}],"collection":[{"href":"https:\/\/all-pets.de\/shop\/wp-json\/wp\/v2\/product"}],"about":[{"href":"https:\/\/all-pets.de\/shop\/wp-json\/wp\/v2\/types\/product"}],"replies":[{"embeddable":true,"href":"https:\/\/all-pets.de\/shop\/wp-json\/wp\/v2\/comments?post=48789"}],"wp:featuredmedia":[{"embeddable":true,"href":"https:\/\/all-pets.de\/shop\/wp-json\/wp\/v2\/media\/48790"}],"wp:attachment":[{"href":"https:\/\/all-pets.de\/shop\/wp-json\/wp\/v2\/media?parent=48789"}],"wp:term":[{"taxonomy":"product_cat","embeddable":true,"href":"https:\/\/all-pets.de\/shop\/wp-json\/wp\/v2\/product_cat?post=48789"},{"taxonomy":"product_tag","embeddable":true,"href":"https:\/\/all-pets.de\/shop\/wp-json\/wp\/v2\/product_tag?post=48789"}],"curies":[{"name":"wp","href":"https:\/\/api.w.org\/{rel}","templated":true}]}}