{"id":48797,"date":"2023-12-12T10:59:17","date_gmt":"2023-12-12T09:59:17","guid":{"rendered":"https:\/\/pet-shopping.de\/shop\/produkt\/trixie-waschmittel-400ml\/"},"modified":"2023-12-12T10:59:25","modified_gmt":"2023-12-12T09:59:25","slug":"trixie-waschmittel-400ml","status":"publish","type":"product","link":"https:\/\/all-pets.de\/shop\/produkt\/trixie-waschmittel-400ml\/","title":{"rendered":"Trixie Waschmittel &#8211; 400ml"},"content":{"rendered":"<ul>\n<li>f\u00fcr alle waschbaren Textilien, wie z. B. Kissen und Decken<\/li>\n<li>entfernt zuverl\u00e4ssig unangenehme Ger\u00fcche und Flecken aus Textilien, wie z. B. Urin, Kot und Erbrochenes<\/li>\n<li>f\u00fcr eine angenehme Frische, auch bei stark geruchsbelasteten Textilien <\/li>\n<li>Inhalt: 400 ml<\/li>\n<\/ul>\n<div class=\"infotextWrap\">Inhaltsstoffe gem. Wasch- und Reinigungsmittelgesetz: AQUA, LAURYL GLUCOSIDE, Sulfuric acid, mono-C12-16-alkyl esters, sodium salts, ALCOHOL, CAPRYLYL\/CAPRYL GLUCOSIDE, POTASSIUM RAPESEEDATE, SODIUM CHLORIDE, SODIUM CITRATE, SODIUM GLUCONATE, PARFUM, CITRIC ACID, SODIUM CARBONATE, GLYCERIN, MEK (INCI-Bezeichnungen. Entsprechende Bezeichnungen gem\u00e4\u00df EU-Arzneibuch und CAS-Nummern finden Sie in der Datenbank ?CosIng? der Europ\u00e4ischen Kommission und einen Link dorthin unter ?Mehr Informationen?)<\/div><\/p>\n","protected":false},"excerpt":{"rendered":"<p>f\u00fcr alle waschbaren Textilien, wie z. B. Kissen und Decken entfernt zuverl\u00e4ssig unangenehme Ger\u00fcche und Flecken aus Textilien, wie z. B. Urin, Kot und Erbrochenes f\u00fcr eine angenehme Frische, auch bei stark geruchsbelasteten Textilien Inhalt: 400 ml Inhaltsstoffe gem. Wasch- und Reinigungsmittelgesetz: AQUA, LAURYL GLUCOSIDE, Sulfuric acid, mono-C12-16-alkyl esters, sodium salts, ALCOHOL, CAPRYLYL\/CAPRYL GLUCOSIDE, POTASSIUM [&hellip;]<\/p>\n","protected":false},"featured_media":48798,"comment_status":"closed","ping_status":"open","template":"","meta":[],"product_cat":[15098],"product_tag":[],"class_list":{"0":"post-48797","1":"product","2":"type-product","3":"status-publish","4":"has-post-thumbnail","6":"product_cat-nuetzliche-helfer-haus-hof-2","8":"first","9":"instock","10":"taxable","11":"shipping-taxable","12":"purchasable","13":"product-type-simple"},"_links":{"self":[{"href":"https:\/\/all-pets.de\/shop\/wp-json\/wp\/v2\/product\/48797","targetHints":{"allow":["GET"]}}],"collection":[{"href":"https:\/\/all-pets.de\/shop\/wp-json\/wp\/v2\/product"}],"about":[{"href":"https:\/\/all-pets.de\/shop\/wp-json\/wp\/v2\/types\/product"}],"replies":[{"embeddable":true,"href":"https:\/\/all-pets.de\/shop\/wp-json\/wp\/v2\/comments?post=48797"}],"wp:featuredmedia":[{"embeddable":true,"href":"https:\/\/all-pets.de\/shop\/wp-json\/wp\/v2\/media\/48798"}],"wp:attachment":[{"href":"https:\/\/all-pets.de\/shop\/wp-json\/wp\/v2\/media?parent=48797"}],"wp:term":[{"taxonomy":"product_cat","embeddable":true,"href":"https:\/\/all-pets.de\/shop\/wp-json\/wp\/v2\/product_cat?post=48797"},{"taxonomy":"product_tag","embeddable":true,"href":"https:\/\/all-pets.de\/shop\/wp-json\/wp\/v2\/product_tag?post=48797"}],"curies":[{"name":"wp","href":"https:\/\/api.w.org\/{rel}","templated":true}]}}