{"id":48800,"date":"2023-12-12T10:59:17","date_gmt":"2023-12-12T09:59:17","guid":{"rendered":"https:\/\/pet-shopping.de\/shop\/produkt\/trixie-kissenrolle-harvey-140-cm\/"},"modified":"2024-12-01T19:05:03","modified_gmt":"2024-12-01T18:05:03","slug":"trixie-kissenrolle-harvey-140-cm","status":"publish","type":"product","link":"https:\/\/all-pets.de\/shop\/produkt\/trixie-kissenrolle-harvey-140-cm\/","title":{"rendered":"Trixie Kissenrolle Harvey &#8211; 140 cm"},"content":{"rendered":"<ul>\n<li>Langhaar-Pl\u00fcsch<\/li>\n<li>Polyester-Bezug<\/li>\n<li>Polyestervlies-F\u00fcllung<\/li>\n<li>bietet dem Tier stabilen Halt<\/li>\n<li>als Kopfkissen oder zum Anlehnen nutzbar<\/li>\n<li>waschbar bei 40\u00b0C<\/li>\n<li>Ma\u00dfe: ca. \u00f8 8 \u00d7 140 cm<\/li>\n<li>Farbe: wei\u00df-schwarz<\/li>\n<\/ul>\n","protected":false},"excerpt":{"rendered":"<p>Langhaar-Pl\u00fcsch Polyester-Bezug Polyestervlies-F\u00fcllung bietet dem Tier stabilen Halt als Kopfkissen oder zum Anlehnen nutzbar waschbar bei 40\u00b0C Ma\u00dfe: ca. \u00f8 8 \u00d7 140 cm Farbe: wei\u00df-schwarz<\/p>\n","protected":false},"featured_media":48801,"comment_status":"closed","ping_status":"open","template":"","meta":[],"product_cat":[15113],"product_tag":[],"class_list":{"0":"post-48800","1":"product","2":"type-product","3":"status-publish","4":"has-post-thumbnail","6":"product_cat-hundebetten-hundekissen-betten-koerbe","8":"first","9":"outofstock","10":"taxable","11":"shipping-taxable","12":"purchasable","13":"product-type-simple"},"_links":{"self":[{"href":"https:\/\/all-pets.de\/shop\/wp-json\/wp\/v2\/product\/48800","targetHints":{"allow":["GET"]}}],"collection":[{"href":"https:\/\/all-pets.de\/shop\/wp-json\/wp\/v2\/product"}],"about":[{"href":"https:\/\/all-pets.de\/shop\/wp-json\/wp\/v2\/types\/product"}],"replies":[{"embeddable":true,"href":"https:\/\/all-pets.de\/shop\/wp-json\/wp\/v2\/comments?post=48800"}],"wp:featuredmedia":[{"embeddable":true,"href":"https:\/\/all-pets.de\/shop\/wp-json\/wp\/v2\/media\/48801"}],"wp:attachment":[{"href":"https:\/\/all-pets.de\/shop\/wp-json\/wp\/v2\/media?parent=48800"}],"wp:term":[{"taxonomy":"product_cat","embeddable":true,"href":"https:\/\/all-pets.de\/shop\/wp-json\/wp\/v2\/product_cat?post=48800"},{"taxonomy":"product_tag","embeddable":true,"href":"https:\/\/all-pets.de\/shop\/wp-json\/wp\/v2\/product_tag?post=48800"}],"curies":[{"name":"wp","href":"https:\/\/api.w.org\/{rel}","templated":true}]}}