{"id":48812,"date":"2023-12-12T10:59:17","date_gmt":"2023-12-12T09:59:17","guid":{"rendered":"https:\/\/pet-shopping.de\/shop\/produkt\/trixie-kletterlandschaft-wand-set-1\/"},"modified":"2023-12-12T10:59:28","modified_gmt":"2023-12-12T09:59:28","slug":"trixie-kletterlandschaft-wand-set-1","status":"publish","type":"product","link":"https:\/\/all-pets.de\/shop\/produkt\/trixie-kletterlandschaft-wand-set-1\/","title":{"rendered":"Trixie Kletterlandschaft Wand-Set 1"},"content":{"rendered":"<ul>\n<li>Holz\/Sisal<\/li>\n<li>f\u00fcr Kletterlandschaften geeignet<\/li>\n<li>erweitert den Lebensraum der Katze um h\u00f6her gelegene Bereiche<\/li>\n<li>Set beinhaltet: oberen und unteren Wandhalter, 2 St\u00e4mme mit Sisalteppich (je \u00f8 9 \u00d7 58 cm), Verbindungsscheibe<\/li>\n<li>Farbe: wei\u00df lasiert\/grau<\/li>\n<li>Ma\u00dfe: ca. 35 \u00d7 130 \u00d7 25 cm<\/li>\n<\/ul>\n","protected":false},"excerpt":{"rendered":"<p>Holz\/Sisal f\u00fcr Kletterlandschaften geeignet erweitert den Lebensraum der Katze um h\u00f6her gelegene Bereiche Set beinhaltet: oberen und unteren Wandhalter, 2 St\u00e4mme mit Sisalteppich (je \u00f8 9 \u00d7 58 cm), Verbindungsscheibe Farbe: wei\u00df lasiert\/grau Ma\u00dfe: ca. 35 \u00d7 130 \u00d7 25 cm<\/p>\n","protected":false},"featured_media":48813,"comment_status":"closed","ping_status":"open","template":"","meta":[],"product_cat":[15110],"product_tag":[],"class_list":{"0":"post-48812","1":"product","2":"type-product","3":"status-publish","4":"has-post-thumbnail","6":"product_cat-kratzbretter-artikel-kratzbaeume-moebel-wandmoebelkatzenwelt","8":"first","9":"instock","10":"taxable","11":"shipping-taxable","12":"purchasable","13":"product-type-simple"},"_links":{"self":[{"href":"https:\/\/all-pets.de\/shop\/wp-json\/wp\/v2\/product\/48812","targetHints":{"allow":["GET"]}}],"collection":[{"href":"https:\/\/all-pets.de\/shop\/wp-json\/wp\/v2\/product"}],"about":[{"href":"https:\/\/all-pets.de\/shop\/wp-json\/wp\/v2\/types\/product"}],"replies":[{"embeddable":true,"href":"https:\/\/all-pets.de\/shop\/wp-json\/wp\/v2\/comments?post=48812"}],"wp:featuredmedia":[{"embeddable":true,"href":"https:\/\/all-pets.de\/shop\/wp-json\/wp\/v2\/media\/48813"}],"wp:attachment":[{"href":"https:\/\/all-pets.de\/shop\/wp-json\/wp\/v2\/media?parent=48812"}],"wp:term":[{"taxonomy":"product_cat","embeddable":true,"href":"https:\/\/all-pets.de\/shop\/wp-json\/wp\/v2\/product_cat?post=48812"},{"taxonomy":"product_tag","embeddable":true,"href":"https:\/\/all-pets.de\/shop\/wp-json\/wp\/v2\/product_tag?post=48812"}],"curies":[{"name":"wp","href":"https:\/\/api.w.org\/{rel}","templated":true}]}}