{"id":48820,"date":"2023-12-12T10:59:30","date_gmt":"2023-12-12T09:59:30","guid":{"rendered":"https:\/\/pet-shopping.de\/shop\/produkt\/trixie-katzenspiezeug-catch-the-balls\/"},"modified":"2023-12-12T10:59:31","modified_gmt":"2023-12-12T09:59:31","slug":"trixie-katzenspiezeug-catch-the-balls","status":"publish","type":"product","link":"https:\/\/all-pets.de\/shop\/produkt\/trixie-katzenspiezeug-catch-the-balls\/","title":{"rendered":"Trixie Katzenspiezeug Catch the Balls"},"content":{"rendered":"<p><\/p>\n<ul>\n<li>Kunststoff<\/li>\n<li>Ma\u00dfe: ca. \u00f8 25 \u00d7 13 cm<\/li>\n<\/ul>\n","protected":false},"excerpt":{"rendered":"<p>Kunststoff Ma\u00dfe: ca. \u00f8 25 \u00d7 13 cm<\/p>\n","protected":false},"featured_media":48821,"comment_status":"closed","ping_status":"open","template":"","meta":[],"product_cat":[13825],"product_tag":[],"class_list":{"0":"post-48820","1":"product","2":"type-product","3":"status-publish","4":"has-post-thumbnail","6":"product_cat-weitere-spielzeuge-katzenspielzeug-katzenbaellekatzenwelt","8":"first","9":"instock","10":"taxable","11":"shipping-taxable","12":"purchasable","13":"product-type-simple"},"_links":{"self":[{"href":"https:\/\/all-pets.de\/shop\/wp-json\/wp\/v2\/product\/48820","targetHints":{"allow":["GET"]}}],"collection":[{"href":"https:\/\/all-pets.de\/shop\/wp-json\/wp\/v2\/product"}],"about":[{"href":"https:\/\/all-pets.de\/shop\/wp-json\/wp\/v2\/types\/product"}],"replies":[{"embeddable":true,"href":"https:\/\/all-pets.de\/shop\/wp-json\/wp\/v2\/comments?post=48820"}],"wp:featuredmedia":[{"embeddable":true,"href":"https:\/\/all-pets.de\/shop\/wp-json\/wp\/v2\/media\/48821"}],"wp:attachment":[{"href":"https:\/\/all-pets.de\/shop\/wp-json\/wp\/v2\/media?parent=48820"}],"wp:term":[{"taxonomy":"product_cat","embeddable":true,"href":"https:\/\/all-pets.de\/shop\/wp-json\/wp\/v2\/product_cat?post=48820"},{"taxonomy":"product_tag","embeddable":true,"href":"https:\/\/all-pets.de\/shop\/wp-json\/wp\/v2\/product_tag?post=48820"}],"curies":[{"name":"wp","href":"https:\/\/api.w.org\/{rel}","templated":true}]}}