{"id":48824,"date":"2023-12-12T10:59:30","date_gmt":"2023-12-12T09:59:30","guid":{"rendered":"https:\/\/pet-shopping.de\/shop\/produkt\/trixie-vitamin-granulat-fuer-kleintiere-220g\/"},"modified":"2023-12-12T10:59:32","modified_gmt":"2023-12-12T09:59:32","slug":"trixie-vitamin-granulat-fuer-kleintiere-220g","status":"publish","type":"product","link":"https:\/\/all-pets.de\/shop\/produkt\/trixie-vitamin-granulat-fuer-kleintiere-220g\/","title":{"rendered":"Trixie Vitamin-Granulat f\u00fcr Kleintiere &#8211; 220g"},"content":{"rendered":"<div class=\"mb-3 row\">\n<ul>\n<li>\n<\/p>\n<ul>\n<ul><\/ul>\n<\/ul>\n<ul>\n<li>Erg\u00e4nzungsfuttermittel f\u00fcr Kaninchen (Heimtier) und Kleinnager <\/li>\n<li>hilft Mangelerscheinungen vorzubeugen<\/li>\n<li>f\u00fcr Kaninchen, Meerschweinchen und Kleinnager<\/li>\n<li>Inhalt: 220 g<\/li>\n<\/ul>\n<\/li>\n<\/ul>\n<\/div>\n","protected":false},"excerpt":{"rendered":"<p>Erg\u00e4nzungsfuttermittel f\u00fcr Kaninchen (Heimtier) und Kleinnager hilft Mangelerscheinungen vorzubeugen f\u00fcr Kaninchen, Meerschweinchen und Kleinnager Inhalt: 220 g<\/p>\n","protected":false},"featured_media":48825,"comment_status":"closed","ping_status":"open","template":"","meta":[],"product_cat":[15129],"product_tag":[],"class_list":{"0":"post-48824","1":"product","2":"type-product","3":"status-publish","4":"has-post-thumbnail","6":"product_cat-maus-2","8":"first","9":"instock","10":"taxable","11":"shipping-taxable","12":"purchasable","13":"product-type-simple"},"_links":{"self":[{"href":"https:\/\/all-pets.de\/shop\/wp-json\/wp\/v2\/product\/48824","targetHints":{"allow":["GET"]}}],"collection":[{"href":"https:\/\/all-pets.de\/shop\/wp-json\/wp\/v2\/product"}],"about":[{"href":"https:\/\/all-pets.de\/shop\/wp-json\/wp\/v2\/types\/product"}],"replies":[{"embeddable":true,"href":"https:\/\/all-pets.de\/shop\/wp-json\/wp\/v2\/comments?post=48824"}],"wp:featuredmedia":[{"embeddable":true,"href":"https:\/\/all-pets.de\/shop\/wp-json\/wp\/v2\/media\/48825"}],"wp:attachment":[{"href":"https:\/\/all-pets.de\/shop\/wp-json\/wp\/v2\/media?parent=48824"}],"wp:term":[{"taxonomy":"product_cat","embeddable":true,"href":"https:\/\/all-pets.de\/shop\/wp-json\/wp\/v2\/product_cat?post=48824"},{"taxonomy":"product_tag","embeddable":true,"href":"https:\/\/all-pets.de\/shop\/wp-json\/wp\/v2\/product_tag?post=48824"}],"curies":[{"name":"wp","href":"https:\/\/api.w.org\/{rel}","templated":true}]}}