{"id":48831,"date":"2023-12-12T10:59:30","date_gmt":"2023-12-12T09:59:30","guid":{"rendered":"https:\/\/pet-shopping.de\/shop\/produkt\/trixie-bungee-tugger-mit-ring\/"},"modified":"2023-12-12T10:59:33","modified_gmt":"2023-12-12T09:59:33","slug":"trixie-bungee-tugger-mit-ring","status":"publish","type":"product","link":"https:\/\/all-pets.de\/shop\/produkt\/trixie-bungee-tugger-mit-ring\/","title":{"rendered":"Trixie Bungee Tugger mit Ring"},"content":{"rendered":"<div class=\"mb-3 row\">\n<div class=\"col\">\n<ul>\n<li>\n<ul>\n<ul>\n<li>Polyester<\/li>\n<li>Ring aus TPR<\/li>\n<li>mit Ruckd\u00e4mpfer<\/li>\n<li>Durchmesser: ca. 10 cm<\/li>\n<li>L\u00e4nge: ca. 56 cm<\/li>\n<li>Diverse Farben. Eine Farbwahl ist leider nicht m\u00f6glich, da die Farbe je nach Lagerbestand gew\u00e4hlt wird. <\/li>\n<\/ul>\n<\/ul>\n<\/li>\n<\/ul>\n<\/div>\n<\/div>\n","protected":false},"excerpt":{"rendered":"<p>Polyester Ring aus TPR mit Ruckd\u00e4mpfer Durchmesser: ca. 10 cm L\u00e4nge: ca. 56 cm Diverse Farben. Eine Farbwahl ist leider nicht m\u00f6glich, da die Farbe je nach Lagerbestand gew\u00e4hlt wird.<\/p>\n","protected":false},"featured_media":48832,"comment_status":"closed","ping_status":"open","template":"","meta":[],"product_cat":[13680],"product_tag":[],"class_list":{"0":"post-48831","1":"product","2":"type-product","3":"status-publish","4":"has-post-thumbnail","6":"product_cat-hundewurfspielzeug","8":"first","9":"instock","10":"taxable","11":"shipping-taxable","12":"purchasable","13":"product-type-simple"},"_links":{"self":[{"href":"https:\/\/all-pets.de\/shop\/wp-json\/wp\/v2\/product\/48831","targetHints":{"allow":["GET"]}}],"collection":[{"href":"https:\/\/all-pets.de\/shop\/wp-json\/wp\/v2\/product"}],"about":[{"href":"https:\/\/all-pets.de\/shop\/wp-json\/wp\/v2\/types\/product"}],"replies":[{"embeddable":true,"href":"https:\/\/all-pets.de\/shop\/wp-json\/wp\/v2\/comments?post=48831"}],"wp:featuredmedia":[{"embeddable":true,"href":"https:\/\/all-pets.de\/shop\/wp-json\/wp\/v2\/media\/48832"}],"wp:attachment":[{"href":"https:\/\/all-pets.de\/shop\/wp-json\/wp\/v2\/media?parent=48831"}],"wp:term":[{"taxonomy":"product_cat","embeddable":true,"href":"https:\/\/all-pets.de\/shop\/wp-json\/wp\/v2\/product_cat?post=48831"},{"taxonomy":"product_tag","embeddable":true,"href":"https:\/\/all-pets.de\/shop\/wp-json\/wp\/v2\/product_tag?post=48831"}],"curies":[{"name":"wp","href":"https:\/\/api.w.org\/{rel}","templated":true}]}}