{"id":48835,"date":"2023-12-12T10:59:30","date_gmt":"2023-12-12T09:59:30","guid":{"rendered":"https:\/\/pet-shopping.de\/shop\/produkt\/dokas-dog-snack-huehnchen-rolle-mit-rind-10g\/"},"modified":"2023-12-12T10:59:34","modified_gmt":"2023-12-12T09:59:34","slug":"dokas-dog-snack-huehnchen-rolle-mit-rind-10g","status":"publish","type":"product","link":"https:\/\/all-pets.de\/shop\/produkt\/dokas-dog-snack-huehnchen-rolle-mit-rind-10g\/","title":{"rendered":"Dokas Dog Snack H\u00fchnchen-Rolle mit Rind 10g"},"content":{"rendered":"<p>H\u00fchnchen-Rolle &#8211; Die softe Rolle mit weichem Kern. Leckere H\u00fclle aus H\u00fchnchenbrustfilet und einer cremigen F\u00fcllung aus Rindfleisch. Da ist jeder Hund v\u00f6llig von der Rolle.<\/p>\n<p>78 % Huhn (73 % H\u00fchnerbrustfilet, 5 % H\u00fchnerleber), 15 % Rindfleisch, pflanzliche Nebenerzeugnisse, Mineralstoffe, Hefen<\/p>\n<p>Analysedaten:<\/p>\n<p>Rohprotein: 21,9 %  Rohfett: 6,1%  Rohasche: 2,2%  Rohfaser: 0,5%  Feuchtigkeit: 56,8%<\/p>\n<p>Als Belohnung zwischen den \u00fcblichen Mahlzeiten.<br \/>Reduzierung der t\u00e4glichen Futtermenge nach Bedarf (siehe Energieangabe). Stets ausreichend Trinkwasser bereitstellen. Bitte k\u00fchl und trocken lagern. Nach Anbruch<br \/>im K\u00fchlschrank aufbewahren und z\u00fcgig verf\u00fcttern. Den Snack unter Aufsicht f\u00fcttern.<\/p>\n","protected":false},"excerpt":{"rendered":"<p>H\u00fchnchen-Rolle &#8211; Die softe Rolle mit weichem Kern. Leckere H\u00fclle aus H\u00fchnchenbrustfilet und einer cremigen F\u00fcllung aus Rindfleisch. Da ist jeder Hund v\u00f6llig von der Rolle. 78 % Huhn (73 % H\u00fchnerbrustfilet, 5 % H\u00fchnerleber), 15 % Rindfleisch, pflanzliche Nebenerzeugnisse, Mineralstoffe, Hefen Analysedaten: Rohprotein: 21,9 % Rohfett: 6,1% Rohasche: 2,2% Rohfaser: 0,5% Feuchtigkeit: 56,8% Als [&hellip;]<\/p>\n","protected":false},"featured_media":48836,"comment_status":"closed","ping_status":"open","template":"","meta":[],"product_cat":[13814],"product_tag":[],"class_list":{"0":"post-48835","1":"product","2":"type-product","3":"status-publish","4":"has-post-thumbnail","6":"product_cat-dokas","8":"first","9":"instock","10":"taxable","11":"shipping-taxable","12":"purchasable","13":"product-type-simple"},"_links":{"self":[{"href":"https:\/\/all-pets.de\/shop\/wp-json\/wp\/v2\/product\/48835","targetHints":{"allow":["GET"]}}],"collection":[{"href":"https:\/\/all-pets.de\/shop\/wp-json\/wp\/v2\/product"}],"about":[{"href":"https:\/\/all-pets.de\/shop\/wp-json\/wp\/v2\/types\/product"}],"replies":[{"embeddable":true,"href":"https:\/\/all-pets.de\/shop\/wp-json\/wp\/v2\/comments?post=48835"}],"wp:featuredmedia":[{"embeddable":true,"href":"https:\/\/all-pets.de\/shop\/wp-json\/wp\/v2\/media\/48836"}],"wp:attachment":[{"href":"https:\/\/all-pets.de\/shop\/wp-json\/wp\/v2\/media?parent=48835"}],"wp:term":[{"taxonomy":"product_cat","embeddable":true,"href":"https:\/\/all-pets.de\/shop\/wp-json\/wp\/v2\/product_cat?post=48835"},{"taxonomy":"product_tag","embeddable":true,"href":"https:\/\/all-pets.de\/shop\/wp-json\/wp\/v2\/product_tag?post=48835"}],"curies":[{"name":"wp","href":"https:\/\/api.w.org\/{rel}","templated":true}]}}