{"id":48838,"date":"2023-12-12T10:59:30","date_gmt":"2023-12-12T09:59:30","guid":{"rendered":"https:\/\/pet-shopping.de\/shop\/produkt\/trixie-hoehle-harvey\/"},"modified":"2023-12-12T10:59:35","modified_gmt":"2023-12-12T09:59:35","slug":"trixie-hoehle-harvey","status":"publish","type":"product","link":"https:\/\/all-pets.de\/shop\/produkt\/trixie-hoehle-harvey\/","title":{"rendered":"Trixie H\u00f6hle Harvey"},"content":{"rendered":"<ul>\n<li>Velours\/Langhaar-Pl\u00fcsch<\/li>\n<li>Polyester-Bezug<\/li>\n<li>Schaumstoff-F\u00fcllung<\/li>\n<li>Wendekissen mit Polyestervlies-F\u00fcllung, gesteppt (bei 40\u00b0C waschbar)<\/li>\n<li>rutschfester Boden<\/li>\n<li>H\u00f6hle per Handw\u00e4sche zu reinigen<\/li>\n<li>Ma\u00dfe: ca. 35 \u00d7 26 \u00d7 41 cm<\/li>\n<li>Farbe: grau\/wei\u00df-schwarz<\/li>\n<\/ul>\n","protected":false},"excerpt":{"rendered":"<p>Velours\/Langhaar-Pl\u00fcsch Polyester-Bezug Schaumstoff-F\u00fcllung Wendekissen mit Polyestervlies-F\u00fcllung, gesteppt (bei 40\u00b0C waschbar) rutschfester Boden H\u00f6hle per Handw\u00e4sche zu reinigen Ma\u00dfe: ca. 35 \u00d7 26 \u00d7 41 cm Farbe: grau\/wei\u00df-schwarz<\/p>\n","protected":false},"featured_media":48839,"comment_status":"closed","ping_status":"open","template":"","meta":[],"product_cat":[13705],"product_tag":[],"class_list":{"0":"post-48838","1":"product","2":"type-product","3":"status-publish","4":"has-post-thumbnail","6":"product_cat-haeuser-hoehlen","8":"first","9":"instock","10":"taxable","11":"shipping-taxable","12":"purchasable","13":"product-type-simple"},"_links":{"self":[{"href":"https:\/\/all-pets.de\/shop\/wp-json\/wp\/v2\/product\/48838","targetHints":{"allow":["GET"]}}],"collection":[{"href":"https:\/\/all-pets.de\/shop\/wp-json\/wp\/v2\/product"}],"about":[{"href":"https:\/\/all-pets.de\/shop\/wp-json\/wp\/v2\/types\/product"}],"replies":[{"embeddable":true,"href":"https:\/\/all-pets.de\/shop\/wp-json\/wp\/v2\/comments?post=48838"}],"wp:featuredmedia":[{"embeddable":true,"href":"https:\/\/all-pets.de\/shop\/wp-json\/wp\/v2\/media\/48839"}],"wp:attachment":[{"href":"https:\/\/all-pets.de\/shop\/wp-json\/wp\/v2\/media?parent=48838"}],"wp:term":[{"taxonomy":"product_cat","embeddable":true,"href":"https:\/\/all-pets.de\/shop\/wp-json\/wp\/v2\/product_cat?post=48838"},{"taxonomy":"product_tag","embeddable":true,"href":"https:\/\/all-pets.de\/shop\/wp-json\/wp\/v2\/product_tag?post=48838"}],"curies":[{"name":"wp","href":"https:\/\/api.w.org\/{rel}","templated":true}]}}