{"id":48847,"date":"2023-12-12T10:59:30","date_gmt":"2023-12-12T09:59:30","guid":{"rendered":"https:\/\/pet-shopping.de\/shop\/produkt\/trixie-kratzbaum-felicitas\/"},"modified":"2023-12-12T10:59:37","modified_gmt":"2023-12-12T09:59:37","slug":"trixie-kratzbaum-felicitas","status":"publish","type":"product","link":"https:\/\/all-pets.de\/shop\/produkt\/trixie-kratzbaum-felicitas\/","title":{"rendered":"Trixie Kratzbaum Felicitas"},"content":{"rendered":"<ul>\n<li>Sisal: \u00f8 6 mm\/Pl\u00fcsch (Polyester): 280 g\/m\u00b2<\/li>\n<li>H\u00f6hlen komplett mit Pl\u00fcsch (Polyester) und Wendekissen (Handw\u00e4sche) ausgestattet<\/li>\n<li>gepolsterte Boden- und Liegeplatten<\/li>\n<li>gepolsterter Kuschelsack<\/li>\n<li>H\u00f6he: ca. 190 cm<\/li>\n<li>Grundfl\u00e4che: ca. 70 \u00d7 61 cm<\/li>\n<li>Stamm: ca. \u00f8 9 cm<\/li>\n<li>Farbe: beige\/braun<\/li>\n<\/ul>\n","protected":false},"excerpt":{"rendered":"<p>Sisal: \u00f8 6 mm\/Pl\u00fcsch (Polyester): 280 g\/m\u00b2 H\u00f6hlen komplett mit Pl\u00fcsch (Polyester) und Wendekissen (Handw\u00e4sche) ausgestattet gepolsterte Boden- und Liegeplatten gepolsterter Kuschelsack H\u00f6he: ca. 190 cm Grundfl\u00e4che: ca. 70 \u00d7 61 cm Stamm: ca. \u00f8 9 cm Farbe: beige\/braun<\/p>\n","protected":false},"featured_media":48848,"comment_status":"closed","ping_status":"open","template":"","meta":[],"product_cat":[13811],"product_tag":[],"class_list":{"0":"post-48847","1":"product","2":"type-product","3":"status-publish","4":"has-post-thumbnail","6":"product_cat-bis-225-cm","8":"first","9":"instock","10":"taxable","11":"shipping-taxable","12":"purchasable","13":"product-type-simple"},"_links":{"self":[{"href":"https:\/\/all-pets.de\/shop\/wp-json\/wp\/v2\/product\/48847","targetHints":{"allow":["GET"]}}],"collection":[{"href":"https:\/\/all-pets.de\/shop\/wp-json\/wp\/v2\/product"}],"about":[{"href":"https:\/\/all-pets.de\/shop\/wp-json\/wp\/v2\/types\/product"}],"replies":[{"embeddable":true,"href":"https:\/\/all-pets.de\/shop\/wp-json\/wp\/v2\/comments?post=48847"}],"wp:featuredmedia":[{"embeddable":true,"href":"https:\/\/all-pets.de\/shop\/wp-json\/wp\/v2\/media\/48848"}],"wp:attachment":[{"href":"https:\/\/all-pets.de\/shop\/wp-json\/wp\/v2\/media?parent=48847"}],"wp:term":[{"taxonomy":"product_cat","embeddable":true,"href":"https:\/\/all-pets.de\/shop\/wp-json\/wp\/v2\/product_cat?post=48847"},{"taxonomy":"product_tag","embeddable":true,"href":"https:\/\/all-pets.de\/shop\/wp-json\/wp\/v2\/product_tag?post=48847"}],"curies":[{"name":"wp","href":"https:\/\/api.w.org\/{rel}","templated":true}]}}