{"id":48873,"date":"2023-12-12T10:59:44","date_gmt":"2023-12-12T09:59:44","guid":{"rendered":"https:\/\/pet-shopping.de\/shop\/produkt\/procyon-schnueffel-ring\/"},"modified":"2023-12-12T10:59:44","modified_gmt":"2023-12-12T09:59:44","slug":"procyon-schnueffel-ring","status":"publish","type":"product","link":"https:\/\/all-pets.de\/shop\/produkt\/procyon-schnueffel-ring\/","title":{"rendered":"PROCYON Schn\u00fcffel-Ring"},"content":{"rendered":"<p>Kleines Schn\u00fcffel-Set zur Besch\u00e4ftigung oder zum Trainieren f\u00fcr alle Hunde. Lernset zum Wiedererkennen und Unterscheiden von Ger\u00fcchen aller Art. Komplettes Set mit speziellen Geruchsbeh\u00e4ltern, Klicker und Ring aus EVA Kunststoff.<\/p>\n<p>&#8211; Artgerechte Auslastung<br \/>&#8211; Kompakte Ma\u00dfe \u2013 leicht mitnehmbar<br \/>&#8211; Ungiftig<br \/>&#8211; Leicht zu reinigen, sp\u00fclmaschinengeeignet (Schn\u00fcffeldosen)<\/p>\n<p>Durchmesser: ca. 20 cm<\/p>\n<p>Hunde riechen um ein Vielfaches besser als wir Menschen. Ihr Orientierungssinn ist zum gro\u00dfen Teil auf den Einsatz der Nase ausgerichtet. Aufgaben, bei denen unsere Vierbeiner ihr Geruchsorgan benutzen k\u00f6nnen, bereiten ihnen besonders viel Freude. Und noch viel mehr spricht f\u00fcr die Nasenarbeit: Der Einsatz der Nase gibt dem Hundehirn etwas zu tun und f\u00f6rdert das konzentrierte Arbeiten. Nasenspiele lasten den Hund aus, ohne ihn dabei \u00fcberm\u00e4\u00dfig aufzuputschen. Sie machen Hunde m\u00fcde, ohne ihn allzu sehr zu ersch\u00f6pfen. F\u00fcr jegliche Art von Hunden ist Nasenarbeit eine wertvolle Ersatzbesch\u00e4ftigung. Sie ist generell ein Garant f\u00fcr zufriedene, ausgeglichene Hunde.<\/p>\n","protected":false},"excerpt":{"rendered":"<p>Kleines Schn\u00fcffel-Set zur Besch\u00e4ftigung oder zum Trainieren f\u00fcr alle Hunde. Lernset zum Wiedererkennen und Unterscheiden von Ger\u00fcchen aller Art. Komplettes Set mit speziellen Geruchsbeh\u00e4ltern, Klicker und Ring aus EVA Kunststoff. &#8211; Artgerechte Auslastung&#8211; Kompakte Ma\u00dfe \u2013 leicht mitnehmbar&#8211; Ungiftig&#8211; Leicht zu reinigen, sp\u00fclmaschinengeeignet (Schn\u00fcffeldosen) Durchmesser: ca. 20 cm Hunde riechen um ein Vielfaches besser als [&hellip;]<\/p>\n","protected":false},"featured_media":48874,"comment_status":"closed","ping_status":"open","template":"","meta":[],"product_cat":[13836],"product_tag":[],"class_list":{"0":"post-48873","1":"product","2":"type-product","3":"status-publish","4":"has-post-thumbnail","6":"product_cat-agility-training-hundespielzeug-sport","8":"first","9":"instock","10":"taxable","11":"shipping-taxable","12":"purchasable","13":"product-type-simple"},"_links":{"self":[{"href":"https:\/\/all-pets.de\/shop\/wp-json\/wp\/v2\/product\/48873","targetHints":{"allow":["GET"]}}],"collection":[{"href":"https:\/\/all-pets.de\/shop\/wp-json\/wp\/v2\/product"}],"about":[{"href":"https:\/\/all-pets.de\/shop\/wp-json\/wp\/v2\/types\/product"}],"replies":[{"embeddable":true,"href":"https:\/\/all-pets.de\/shop\/wp-json\/wp\/v2\/comments?post=48873"}],"wp:featuredmedia":[{"embeddable":true,"href":"https:\/\/all-pets.de\/shop\/wp-json\/wp\/v2\/media\/48874"}],"wp:attachment":[{"href":"https:\/\/all-pets.de\/shop\/wp-json\/wp\/v2\/media?parent=48873"}],"wp:term":[{"taxonomy":"product_cat","embeddable":true,"href":"https:\/\/all-pets.de\/shop\/wp-json\/wp\/v2\/product_cat?post=48873"},{"taxonomy":"product_tag","embeddable":true,"href":"https:\/\/all-pets.de\/shop\/wp-json\/wp\/v2\/product_tag?post=48873"}],"curies":[{"name":"wp","href":"https:\/\/api.w.org\/{rel}","templated":true}]}}