{"id":48877,"date":"2023-12-12T10:59:44","date_gmt":"2023-12-12T09:59:44","guid":{"rendered":"https:\/\/pet-shopping.de\/shop\/produkt\/trixie-nistkasten-fuer-hoehlenbrueter\/"},"modified":"2023-12-12T10:59:45","modified_gmt":"2023-12-12T09:59:45","slug":"trixie-nistkasten-fuer-hoehlenbrueter","status":"publish","type":"product","link":"https:\/\/all-pets.de\/shop\/produkt\/trixie-nistkasten-fuer-hoehlenbrueter\/","title":{"rendered":"Trixie Nistkasten f\u00fcr H\u00f6hlenbr\u00fcter"},"content":{"rendered":"<ul>\n<li>mit Spechtschutz<\/li>\n<li>mit aufklappbarem Deckel<\/li>\n<li>Kiefernholz, unbehandelt\/teilweise lackiert<\/li>\n<li>Ma\u00dfe: ca. 20 \u00d7 26 \u00d7 17cm\/\u00f8 3,2 cm<\/li>\n<li>f\u00fcr z. B.: Gro\u00dfmeise<\/li>\n<\/ul>\n","protected":false},"excerpt":{"rendered":"<p>mit Spechtschutz mit aufklappbarem Deckel Kiefernholz, unbehandelt\/teilweise lackiert Ma\u00dfe: ca. 20 \u00d7 26 \u00d7 17cm\/\u00f8 3,2 cm f\u00fcr z. B.: Gro\u00dfmeise<\/p>\n","protected":false},"featured_media":48878,"comment_status":"closed","ping_status":"open","template":"","meta":[],"product_cat":[13813],"product_tag":[],"class_list":{"0":"post-48877","1":"product","2":"type-product","3":"status-publish","4":"has-post-thumbnail","6":"product_cat-futterhaeuser-nistkaesten","8":"first","9":"instock","10":"taxable","11":"shipping-taxable","12":"purchasable","13":"product-type-simple"},"_links":{"self":[{"href":"https:\/\/all-pets.de\/shop\/wp-json\/wp\/v2\/product\/48877","targetHints":{"allow":["GET"]}}],"collection":[{"href":"https:\/\/all-pets.de\/shop\/wp-json\/wp\/v2\/product"}],"about":[{"href":"https:\/\/all-pets.de\/shop\/wp-json\/wp\/v2\/types\/product"}],"replies":[{"embeddable":true,"href":"https:\/\/all-pets.de\/shop\/wp-json\/wp\/v2\/comments?post=48877"}],"wp:featuredmedia":[{"embeddable":true,"href":"https:\/\/all-pets.de\/shop\/wp-json\/wp\/v2\/media\/48878"}],"wp:attachment":[{"href":"https:\/\/all-pets.de\/shop\/wp-json\/wp\/v2\/media?parent=48877"}],"wp:term":[{"taxonomy":"product_cat","embeddable":true,"href":"https:\/\/all-pets.de\/shop\/wp-json\/wp\/v2\/product_cat?post=48877"},{"taxonomy":"product_tag","embeddable":true,"href":"https:\/\/all-pets.de\/shop\/wp-json\/wp\/v2\/product_tag?post=48877"}],"curies":[{"name":"wp","href":"https:\/\/api.w.org\/{rel}","templated":true}]}}