{"id":48884,"date":"2023-12-12T10:59:44","date_gmt":"2023-12-12T09:59:44","guid":{"rendered":"https:\/\/pet-shopping.de\/shop\/produkt\/trixie-junior-kratzwelle\/"},"modified":"2023-12-12T10:59:47","modified_gmt":"2023-12-12T09:59:47","slug":"trixie-junior-kratzwelle","status":"publish","type":"product","link":"https:\/\/all-pets.de\/shop\/produkt\/trixie-junior-kratzwelle\/","title":{"rendered":"Trixie Junior Kratzwelle"},"content":{"rendered":"<ul>\n<li>aus Pappe<\/li>\n<li>mit Katzenminze<\/li>\n<li>Ma\u00dfe: ca. 38 \u00d7 7 \u00d7 18 cm<\/li>\n<li>Farbe: flieder oder mint (Farbwahl leider nicht m\u00f6glich, da die Farbe je nach Lagerbestand gew\u00e4hlt wird.)<\/li>\n<\/ul>\n","protected":false},"excerpt":{"rendered":"<p>aus Pappe mit Katzenminze Ma\u00dfe: ca. 38 \u00d7 7 \u00d7 18 cm Farbe: flieder oder mint (Farbwahl leider nicht m\u00f6glich, da die Farbe je nach Lagerbestand gew\u00e4hlt wird.)<\/p>\n","protected":false},"featured_media":48885,"comment_status":"closed","ping_status":"open","template":"","meta":[],"product_cat":[14595],"product_tag":[],"class_list":{"0":"post-48884","1":"product","2":"type-product","3":"status-publish","4":"has-post-thumbnail","6":"product_cat-kratzbretter-artikel-kratzbaeume-moebel","8":"first","9":"instock","10":"taxable","11":"shipping-taxable","12":"purchasable","13":"product-type-simple"},"_links":{"self":[{"href":"https:\/\/all-pets.de\/shop\/wp-json\/wp\/v2\/product\/48884","targetHints":{"allow":["GET"]}}],"collection":[{"href":"https:\/\/all-pets.de\/shop\/wp-json\/wp\/v2\/product"}],"about":[{"href":"https:\/\/all-pets.de\/shop\/wp-json\/wp\/v2\/types\/product"}],"replies":[{"embeddable":true,"href":"https:\/\/all-pets.de\/shop\/wp-json\/wp\/v2\/comments?post=48884"}],"wp:featuredmedia":[{"embeddable":true,"href":"https:\/\/all-pets.de\/shop\/wp-json\/wp\/v2\/media\/48885"}],"wp:attachment":[{"href":"https:\/\/all-pets.de\/shop\/wp-json\/wp\/v2\/media?parent=48884"}],"wp:term":[{"taxonomy":"product_cat","embeddable":true,"href":"https:\/\/all-pets.de\/shop\/wp-json\/wp\/v2\/product_cat?post=48884"},{"taxonomy":"product_tag","embeddable":true,"href":"https:\/\/all-pets.de\/shop\/wp-json\/wp\/v2\/product_tag?post=48884"}],"curies":[{"name":"wp","href":"https:\/\/api.w.org\/{rel}","templated":true}]}}