{"id":48888,"date":"2023-12-12T10:59:44","date_gmt":"2023-12-12T09:59:44","guid":{"rendered":"https:\/\/pet-shopping.de\/shop\/produkt\/trixie-schnueffelball-fuer-kleintiere\/"},"modified":"2023-12-12T10:59:48","modified_gmt":"2023-12-12T09:59:48","slug":"trixie-schnueffelball-fuer-kleintiere","status":"publish","type":"product","link":"https:\/\/all-pets.de\/shop\/produkt\/trixie-schnueffelball-fuer-kleintiere\/","title":{"rendered":"Trixie Schn\u00fcffelball f\u00fcr Kleintiere"},"content":{"rendered":"<div class=\"mb-3 row\">\n<div class=\"col\">\n<ul>\n<li>\n<ul>\n<ul>\n<li>durch Schn\u00fcffeln und Graben gelangt das Tier an seine Belohnung<\/li>\n<li>Polyester<\/li>\n<li>Ma\u00dfe: ca. \u00f8 9 cm<\/li>\n<li>geeignet z.B. f\u00fcr Kaninchen und Meerschweinchen<\/li>\n<\/ul>\n<li>Nur zeitlich begrenzt unter Aufsicht anbieten. Nach der F\u00fctterung wieder herausnehmen. <\/li>\n<\/ul>\n<\/li>\n<\/ul>\n<\/div>\n<\/div>\n","protected":false},"excerpt":{"rendered":"<p>durch Schn\u00fcffeln und Graben gelangt das Tier an seine Belohnung Polyester Ma\u00dfe: ca. \u00f8 9 cm geeignet z.B. f\u00fcr Kaninchen und Meerschweinchen Nur zeitlich begrenzt unter Aufsicht anbieten. Nach der F\u00fctterung wieder herausnehmen.<\/p>\n","protected":false},"featured_media":48889,"comment_status":"closed","ping_status":"open","template":"","meta":[],"product_cat":[13745],"product_tag":[],"class_list":{"0":"post-48888","1":"product","2":"type-product","3":"status-publish","4":"has-post-thumbnail","6":"product_cat-spiel-sport","8":"first","9":"instock","10":"taxable","11":"shipping-taxable","12":"purchasable","13":"product-type-simple"},"_links":{"self":[{"href":"https:\/\/all-pets.de\/shop\/wp-json\/wp\/v2\/product\/48888","targetHints":{"allow":["GET"]}}],"collection":[{"href":"https:\/\/all-pets.de\/shop\/wp-json\/wp\/v2\/product"}],"about":[{"href":"https:\/\/all-pets.de\/shop\/wp-json\/wp\/v2\/types\/product"}],"replies":[{"embeddable":true,"href":"https:\/\/all-pets.de\/shop\/wp-json\/wp\/v2\/comments?post=48888"}],"wp:featuredmedia":[{"embeddable":true,"href":"https:\/\/all-pets.de\/shop\/wp-json\/wp\/v2\/media\/48889"}],"wp:attachment":[{"href":"https:\/\/all-pets.de\/shop\/wp-json\/wp\/v2\/media?parent=48888"}],"wp:term":[{"taxonomy":"product_cat","embeddable":true,"href":"https:\/\/all-pets.de\/shop\/wp-json\/wp\/v2\/product_cat?post=48888"},{"taxonomy":"product_tag","embeddable":true,"href":"https:\/\/all-pets.de\/shop\/wp-json\/wp\/v2\/product_tag?post=48888"}],"curies":[{"name":"wp","href":"https:\/\/api.w.org\/{rel}","templated":true}]}}