{"id":48893,"date":"2023-12-12T10:59:44","date_gmt":"2023-12-12T09:59:44","guid":{"rendered":"https:\/\/pet-shopping.de\/shop\/produkt\/trixie-hundefahrradkorb-long-fuer-breite-gepaecktraeger\/"},"modified":"2023-12-12T10:59:49","modified_gmt":"2023-12-12T09:59:49","slug":"trixie-hundefahrradkorb-long-fuer-breite-gepaecktraeger","status":"publish","type":"product","link":"https:\/\/all-pets.de\/shop\/produkt\/trixie-hundefahrradkorb-long-fuer-breite-gepaecktraeger\/","title":{"rendered":"Trixie Hundefahrradkorb Long f\u00fcr breite Gep\u00e4cktr\u00e4ger"},"content":{"rendered":"<ul>\n<li>extra lange Ausf\u00fchrung<\/li>\n<li>stabiler Metallrahmen f\u00fcr einen sicheren Transport des Tieres auf dem Gep\u00e4cktr\u00e4ger (Breite 11,8\u201316 cm)<\/li>\n<li>Korb durch Klettverschl\u00fcsse vom Rahmen abnehmbar<\/li>\n<li>mit Netz-Abdeckung<\/li>\n<li>mit integrierter Kurzleine<\/li>\n<li>reflektierende Elemente<\/li>\n<li>herausnehmbare, gepolsterte Bodeneinlage (Pl\u00fcsch-Bezug)<\/li>\n<li>formstabiles EVA<\/li>\n<li>Farbe: schwarz<\/li>\n<li>tierschutzkonform nach \u00a7 18 (AT)<\/li>\n<li>Ma\u00dfe: ca. 29 \u00d7 49 \u00d7 60 cm<\/li>\n<li>bis zu: 8 kg<\/li>\n<li>Farbe: schwarz<\/li>\n<\/ul>\n","protected":false},"excerpt":{"rendered":"<p>extra lange Ausf\u00fchrung stabiler Metallrahmen f\u00fcr einen sicheren Transport des Tieres auf dem Gep\u00e4cktr\u00e4ger (Breite 11,8\u201316 cm) Korb durch Klettverschl\u00fcsse vom Rahmen abnehmbar mit Netz-Abdeckung mit integrierter Kurzleine reflektierende Elemente herausnehmbare, gepolsterte Bodeneinlage (Pl\u00fcsch-Bezug) formstabiles EVA Farbe: schwarz tierschutzkonform nach \u00a7 18 (AT) Ma\u00dfe: ca. 29 \u00d7 49 \u00d7 60 cm bis zu: 8 kg [&hellip;]<\/p>\n","protected":false},"featured_media":48894,"comment_status":"closed","ping_status":"open","template":"","meta":[],"product_cat":[13843],"product_tag":[],"class_list":{"0":"post-48893","1":"product","2":"type-product","3":"status-publish","4":"has-post-thumbnail","6":"product_cat-rad-und-joggingzubehoer","8":"first","9":"instock","10":"taxable","11":"shipping-taxable","12":"purchasable","13":"product-type-simple"},"_links":{"self":[{"href":"https:\/\/all-pets.de\/shop\/wp-json\/wp\/v2\/product\/48893","targetHints":{"allow":["GET"]}}],"collection":[{"href":"https:\/\/all-pets.de\/shop\/wp-json\/wp\/v2\/product"}],"about":[{"href":"https:\/\/all-pets.de\/shop\/wp-json\/wp\/v2\/types\/product"}],"replies":[{"embeddable":true,"href":"https:\/\/all-pets.de\/shop\/wp-json\/wp\/v2\/comments?post=48893"}],"wp:featuredmedia":[{"embeddable":true,"href":"https:\/\/all-pets.de\/shop\/wp-json\/wp\/v2\/media\/48894"}],"wp:attachment":[{"href":"https:\/\/all-pets.de\/shop\/wp-json\/wp\/v2\/media?parent=48893"}],"wp:term":[{"taxonomy":"product_cat","embeddable":true,"href":"https:\/\/all-pets.de\/shop\/wp-json\/wp\/v2\/product_cat?post=48893"},{"taxonomy":"product_tag","embeddable":true,"href":"https:\/\/all-pets.de\/shop\/wp-json\/wp\/v2\/product_tag?post=48893"}],"curies":[{"name":"wp","href":"https:\/\/api.w.org\/{rel}","templated":true}]}}