{"id":48897,"date":"2023-12-12T10:59:44","date_gmt":"2023-12-12T09:59:44","guid":{"rendered":"https:\/\/pet-shopping.de\/shop\/produkt\/trixie-junior-kissen-patchwork\/"},"modified":"2023-12-12T10:59:49","modified_gmt":"2023-12-12T09:59:49","slug":"trixie-junior-kissen-patchwork","status":"publish","type":"product","link":"https:\/\/all-pets.de\/shop\/produkt\/trixie-junior-kissen-patchwork\/","title":{"rendered":"Trixie Junior Kissen Patchwork"},"content":{"rendered":"<ul>\n<li>Velours<\/li>\n<li>Polyester-Bezug<\/li>\n<li>gesteppt<\/li>\n<li>Polyestervlies-F\u00fcllung<\/li>\n<li>rutschfester Boden<\/li>\n<li>Handw\u00e4sche<\/li>\n<li>Ma\u00dfe: ca. 60 \u00d7 60 cm<\/li>\n<li>Farbe: flieder\/mint\/rosa<\/li>\n<\/ul>\n","protected":false},"excerpt":{"rendered":"<p>Velours Polyester-Bezug gesteppt Polyestervlies-F\u00fcllung rutschfester Boden Handw\u00e4sche Ma\u00dfe: ca. 60 \u00d7 60 cm Farbe: flieder\/mint\/rosa<\/p>\n","protected":false},"featured_media":48898,"comment_status":"closed","ping_status":"open","template":"","meta":[],"product_cat":[14943],"product_tag":[],"class_list":{"0":"post-48897","1":"product","2":"type-product","3":"status-publish","4":"has-post-thumbnail","6":"product_cat-hundebetten-hundekissen-betten-koerbe-liegedeckenhundewelt-betten-koerbe","8":"first","9":"instock","10":"taxable","11":"shipping-taxable","12":"purchasable","13":"product-type-simple"},"_links":{"self":[{"href":"https:\/\/all-pets.de\/shop\/wp-json\/wp\/v2\/product\/48897","targetHints":{"allow":["GET"]}}],"collection":[{"href":"https:\/\/all-pets.de\/shop\/wp-json\/wp\/v2\/product"}],"about":[{"href":"https:\/\/all-pets.de\/shop\/wp-json\/wp\/v2\/types\/product"}],"replies":[{"embeddable":true,"href":"https:\/\/all-pets.de\/shop\/wp-json\/wp\/v2\/comments?post=48897"}],"wp:featuredmedia":[{"embeddable":true,"href":"https:\/\/all-pets.de\/shop\/wp-json\/wp\/v2\/media\/48898"}],"wp:attachment":[{"href":"https:\/\/all-pets.de\/shop\/wp-json\/wp\/v2\/media?parent=48897"}],"wp:term":[{"taxonomy":"product_cat","embeddable":true,"href":"https:\/\/all-pets.de\/shop\/wp-json\/wp\/v2\/product_cat?post=48897"},{"taxonomy":"product_tag","embeddable":true,"href":"https:\/\/all-pets.de\/shop\/wp-json\/wp\/v2\/product_tag?post=48897"}],"curies":[{"name":"wp","href":"https:\/\/api.w.org\/{rel}","templated":true}]}}