{"id":48901,"date":"2023-12-12T10:59:44","date_gmt":"2023-12-12T09:59:44","guid":{"rendered":"https:\/\/pet-shopping.de\/shop\/produkt\/trixie-nistkasten-fuer-kleinmeisen\/"},"modified":"2023-12-12T10:59:50","modified_gmt":"2023-12-12T09:59:50","slug":"trixie-nistkasten-fuer-kleinmeisen","status":"publish","type":"product","link":"https:\/\/all-pets.de\/shop\/produkt\/trixie-nistkasten-fuer-kleinmeisen\/","title":{"rendered":"Trixie Nistkasten f\u00fcr Kleinmeisen"},"content":{"rendered":"<ul>\n<li>mit aufklappbarer Seitenwand<\/li>\n<li>Kiefernholz, unbehandelt\/teilweise lackiert<\/li>\n<li>wetterfest<\/li>\n<li>Ma\u00dfe: ca. 18 \u00d7 24 \u00d7 15 cm\/\u00f8 3 cm<\/li>\n<li>f\u00fcr z. B.: Kleinmeisen<\/li>\n<li>Farbe: wei\u00df<\/li>\n<\/ul>\n","protected":false},"excerpt":{"rendered":"<p>mit aufklappbarer Seitenwand Kiefernholz, unbehandelt\/teilweise lackiert wetterfest Ma\u00dfe: ca. 18 \u00d7 24 \u00d7 15 cm\/\u00f8 3 cm f\u00fcr z. B.: Kleinmeisen Farbe: wei\u00df<\/p>\n","protected":false},"featured_media":48902,"comment_status":"closed","ping_status":"open","template":"","meta":[],"product_cat":[13813],"product_tag":[],"class_list":{"0":"post-48901","1":"product","2":"type-product","3":"status-publish","4":"has-post-thumbnail","6":"product_cat-futterhaeuser-nistkaesten","8":"first","9":"instock","10":"taxable","11":"shipping-taxable","12":"purchasable","13":"product-type-simple"},"_links":{"self":[{"href":"https:\/\/all-pets.de\/shop\/wp-json\/wp\/v2\/product\/48901","targetHints":{"allow":["GET"]}}],"collection":[{"href":"https:\/\/all-pets.de\/shop\/wp-json\/wp\/v2\/product"}],"about":[{"href":"https:\/\/all-pets.de\/shop\/wp-json\/wp\/v2\/types\/product"}],"replies":[{"embeddable":true,"href":"https:\/\/all-pets.de\/shop\/wp-json\/wp\/v2\/comments?post=48901"}],"wp:featuredmedia":[{"embeddable":true,"href":"https:\/\/all-pets.de\/shop\/wp-json\/wp\/v2\/media\/48902"}],"wp:attachment":[{"href":"https:\/\/all-pets.de\/shop\/wp-json\/wp\/v2\/media?parent=48901"}],"wp:term":[{"taxonomy":"product_cat","embeddable":true,"href":"https:\/\/all-pets.de\/shop\/wp-json\/wp\/v2\/product_cat?post=48901"},{"taxonomy":"product_tag","embeddable":true,"href":"https:\/\/all-pets.de\/shop\/wp-json\/wp\/v2\/product_tag?post=48901"}],"curies":[{"name":"wp","href":"https:\/\/api.w.org\/{rel}","templated":true}]}}