{"id":48931,"date":"2023-12-12T10:59:44","date_gmt":"2023-12-12T09:59:44","guid":{"rendered":"https:\/\/pet-shopping.de\/shop\/produkt\/trixie-junior-kratzmatte-mit-spielzeugen\/"},"modified":"2023-12-12T10:59:56","modified_gmt":"2023-12-12T09:59:56","slug":"trixie-junior-kratzmatte-mit-spielzeugen","status":"publish","type":"product","link":"https:\/\/all-pets.de\/shop\/produkt\/trixie-junior-kratzmatte-mit-spielzeugen\/","title":{"rendered":"Trixie Junior Kratzmatte mit Spielzeugen"},"content":{"rendered":"<ul>\n<li>Sisal\/Pl\u00fcsch (Polyester): 240 g\/m\u00b2<\/li>\n<li>zusammenklappbar<\/li>\n<li>Farbe: lichtgrau<\/li>\n<li>Ma\u00dfe: ca. 60 \u00d7 33 \u00d7 42 cm<\/li>\n<\/ul>\n","protected":false},"excerpt":{"rendered":"<p>Sisal\/Pl\u00fcsch (Polyester): 240 g\/m\u00b2 zusammenklappbar Farbe: lichtgrau Ma\u00dfe: ca. 60 \u00d7 33 \u00d7 42 cm<\/p>\n","protected":false},"featured_media":48932,"comment_status":"closed","ping_status":"open","template":"","meta":[],"product_cat":[14963],"product_tag":[],"class_list":{"0":"post-48931","1":"product","2":"type-product","3":"status-publish","4":"has-post-thumbnail","6":"product_cat-weitere-spielzeuge-katzenspielzeug-kratzbretter-artikelkatzenwelt-kratzbaeume-moebel","8":"first","9":"instock","10":"taxable","11":"shipping-taxable","12":"purchasable","13":"product-type-simple"},"_links":{"self":[{"href":"https:\/\/all-pets.de\/shop\/wp-json\/wp\/v2\/product\/48931","targetHints":{"allow":["GET"]}}],"collection":[{"href":"https:\/\/all-pets.de\/shop\/wp-json\/wp\/v2\/product"}],"about":[{"href":"https:\/\/all-pets.de\/shop\/wp-json\/wp\/v2\/types\/product"}],"replies":[{"embeddable":true,"href":"https:\/\/all-pets.de\/shop\/wp-json\/wp\/v2\/comments?post=48931"}],"wp:featuredmedia":[{"embeddable":true,"href":"https:\/\/all-pets.de\/shop\/wp-json\/wp\/v2\/media\/48932"}],"wp:attachment":[{"href":"https:\/\/all-pets.de\/shop\/wp-json\/wp\/v2\/media?parent=48931"}],"wp:term":[{"taxonomy":"product_cat","embeddable":true,"href":"https:\/\/all-pets.de\/shop\/wp-json\/wp\/v2\/product_cat?post=48931"},{"taxonomy":"product_tag","embeddable":true,"href":"https:\/\/all-pets.de\/shop\/wp-json\/wp\/v2\/product_tag?post=48931"}],"curies":[{"name":"wp","href":"https:\/\/api.w.org\/{rel}","templated":true}]}}