{"id":48939,"date":"2023-12-12T10:59:59","date_gmt":"2023-12-12T09:59:59","guid":{"rendered":"https:\/\/pet-shopping.de\/shop\/produkt\/trixie-junior-schleckplatte\/"},"modified":"2023-12-12T10:59:59","modified_gmt":"2023-12-12T09:59:59","slug":"trixie-junior-schleckplatte","status":"publish","type":"product","link":"https:\/\/all-pets.de\/shop\/produkt\/trixie-junior-schleckplatte\/","title":{"rendered":"Trixie Junior Schleckplatte"},"content":{"rendered":"<ul>\n<li>Schlecken beruhigt und sorgt f\u00fcr Ruhephasen<\/li>\n<li>geringe Aufnahmemenge von Snacks bei langer Besch\u00e4ftigungsdauer<\/li>\n<li>mit z. B. Pasten, Nassfutter oder Molkereiprodukten zu bestreichen<\/li>\n<li>f\u00fcr den Frischekick mit Snacks bef\u00fcllen und einfrieren<\/li>\n<li>Kunststoff<\/li>\n<li>tierschutzkonform nach \u00a7 18 (AT)<\/li>\n<li>sp\u00fclmaschinengeeignet<\/li>\n<li>Farbe: mint<\/li>\n<li>Ma\u00dfe: \u00f8 15 cm<\/li>\n<\/ul>\n","protected":false},"excerpt":{"rendered":"<p>Schlecken beruhigt und sorgt f\u00fcr Ruhephasen geringe Aufnahmemenge von Snacks bei langer Besch\u00e4ftigungsdauer mit z. B. Pasten, Nassfutter oder Molkereiprodukten zu bestreichen f\u00fcr den Frischekick mit Snacks bef\u00fcllen und einfrieren Kunststoff tierschutzkonform nach \u00a7 18 (AT) sp\u00fclmaschinengeeignet Farbe: mint Ma\u00dfe: \u00f8 15 cm<\/p>\n","protected":false},"featured_media":48940,"comment_status":"closed","ping_status":"open","template":"","meta":[],"product_cat":[13824],"product_tag":[],"class_list":{"0":"post-48939","1":"product","2":"type-product","3":"status-publish","4":"has-post-thumbnail","6":"product_cat-puppy-spielzeug","8":"first","9":"instock","10":"taxable","11":"shipping-taxable","12":"purchasable","13":"product-type-simple"},"_links":{"self":[{"href":"https:\/\/all-pets.de\/shop\/wp-json\/wp\/v2\/product\/48939","targetHints":{"allow":["GET"]}}],"collection":[{"href":"https:\/\/all-pets.de\/shop\/wp-json\/wp\/v2\/product"}],"about":[{"href":"https:\/\/all-pets.de\/shop\/wp-json\/wp\/v2\/types\/product"}],"replies":[{"embeddable":true,"href":"https:\/\/all-pets.de\/shop\/wp-json\/wp\/v2\/comments?post=48939"}],"wp:featuredmedia":[{"embeddable":true,"href":"https:\/\/all-pets.de\/shop\/wp-json\/wp\/v2\/media\/48940"}],"wp:attachment":[{"href":"https:\/\/all-pets.de\/shop\/wp-json\/wp\/v2\/media?parent=48939"}],"wp:term":[{"taxonomy":"product_cat","embeddable":true,"href":"https:\/\/all-pets.de\/shop\/wp-json\/wp\/v2\/product_cat?post=48939"},{"taxonomy":"product_tag","embeddable":true,"href":"https:\/\/all-pets.de\/shop\/wp-json\/wp\/v2\/product_tag?post=48939"}],"curies":[{"name":"wp","href":"https:\/\/api.w.org\/{rel}","templated":true}]}}