{"id":48943,"date":"2023-12-12T10:59:59","date_gmt":"2023-12-12T09:59:59","guid":{"rendered":"https:\/\/pet-shopping.de\/shop\/produkt\/trixie-kratzbaum-xxl-michele\/"},"modified":"2023-12-12T11:00:00","modified_gmt":"2023-12-12T10:00:00","slug":"trixie-kratzbaum-xxl-michele","status":"publish","type":"product","link":"https:\/\/all-pets.de\/shop\/produkt\/trixie-kratzbaum-xxl-michele\/","title":{"rendered":"Trixie Kratzbaum XXL Michele"},"content":{"rendered":"<ul>\n<li>besonders f\u00fcr gro\u00dfe Katzen geeignet<\/li>\n<li>Sisal: \u00f8 8 mm\/Langhaar-Pl\u00fcsch (Polyester): 350 g\/m\u00b2<\/li>\n<li>H\u00f6hle mit Fleece (Polyester) ausgestattet<\/li>\n<li>Kuschelbetten mit gepolstertem Rand<\/li>\n<li>mit 3 Wendekissen: Handw\u00e4sche<\/li>\n<li>dicke, schwere Bodenplatte<\/li>\n<li>Farbe: hellgrau<\/li>\n<li>tierschutzkonform nach \u00a7 18 (AT)<\/li>\n<li>H\u00f6he: ca. 133 cm<\/li>\n<li>Grundfl\u00e4che: ca. 85 \u00d7 54 cm<\/li>\n<li>Stamm: \u00f8 18\/12 cm<\/li>\n<\/ul>\n","protected":false},"excerpt":{"rendered":"<p>besonders f\u00fcr gro\u00dfe Katzen geeignet Sisal: \u00f8 8 mm\/Langhaar-Pl\u00fcsch (Polyester): 350 g\/m\u00b2 H\u00f6hle mit Fleece (Polyester) ausgestattet Kuschelbetten mit gepolstertem Rand mit 3 Wendekissen: Handw\u00e4sche dicke, schwere Bodenplatte Farbe: hellgrau tierschutzkonform nach \u00a7 18 (AT) H\u00f6he: ca. 133 cm Grundfl\u00e4che: ca. 85 \u00d7 54 cm Stamm: \u00f8 18\/12 cm<\/p>\n","protected":false},"featured_media":48944,"comment_status":"closed","ping_status":"open","template":"","meta":[],"product_cat":[14964],"product_tag":[],"class_list":{"0":"post-48943","1":"product","2":"type-product","3":"status-publish","4":"has-post-thumbnail","6":"product_cat-kratzbaum-fuer-grosse-katzen","8":"first","9":"instock","10":"taxable","11":"shipping-taxable","12":"purchasable","13":"product-type-simple"},"_links":{"self":[{"href":"https:\/\/all-pets.de\/shop\/wp-json\/wp\/v2\/product\/48943","targetHints":{"allow":["GET"]}}],"collection":[{"href":"https:\/\/all-pets.de\/shop\/wp-json\/wp\/v2\/product"}],"about":[{"href":"https:\/\/all-pets.de\/shop\/wp-json\/wp\/v2\/types\/product"}],"replies":[{"embeddable":true,"href":"https:\/\/all-pets.de\/shop\/wp-json\/wp\/v2\/comments?post=48943"}],"wp:featuredmedia":[{"embeddable":true,"href":"https:\/\/all-pets.de\/shop\/wp-json\/wp\/v2\/media\/48944"}],"wp:attachment":[{"href":"https:\/\/all-pets.de\/shop\/wp-json\/wp\/v2\/media?parent=48943"}],"wp:term":[{"taxonomy":"product_cat","embeddable":true,"href":"https:\/\/all-pets.de\/shop\/wp-json\/wp\/v2\/product_cat?post=48943"},{"taxonomy":"product_tag","embeddable":true,"href":"https:\/\/all-pets.de\/shop\/wp-json\/wp\/v2\/product_tag?post=48943"}],"curies":[{"name":"wp","href":"https:\/\/api.w.org\/{rel}","templated":true}]}}