{"id":48947,"date":"2023-12-12T12:29:18","date_gmt":"2023-12-12T11:29:18","guid":{"rendered":"https:\/\/pet-shopping.de\/shop\/produkt\/trixie-fahrradkorb-fuer-breite-gepaecktraeger\/"},"modified":"2023-12-12T12:29:18","modified_gmt":"2023-12-12T11:29:18","slug":"trixie-fahrradkorb-fuer-breite-gepaecktraeger","status":"publish","type":"product","link":"https:\/\/all-pets.de\/shop\/produkt\/trixie-fahrradkorb-fuer-breite-gepaecktraeger\/","title":{"rendered":"Trixie Fahrradkorb f\u00fcr breite Gep\u00e4cktr\u00e4ger"},"content":{"rendered":"<ul>\n<li>stabiler Metallrahmen f\u00fcr einen sicheren Transport des Tieres auf dem Gep\u00e4cktr\u00e4ger (Breite 11,8\u201316 cm)<\/li>\n<li>Korb durch Klettverschl\u00fcsse vom Rahmen abnehmbar<\/li>\n<li>mit Netz-Abdeckung<\/li>\n<li>mit integrierter Kurzleine<\/li>\n<li>reflektierende Elemente<\/li>\n<li>herausnehmbare, gepolsterte Bodeneinlage (Pl\u00fcsch-Bezug)<\/li>\n<li>formstabiles EVA<\/li>\n<li>Farbe: schwarz<\/li>\n<li>tierschutzkonform nach \u00a7 18 (AT)<\/li>\n<li>f\u00fcr E-Bikes geeignet<\/li>\n<li>Ma\u00dfe: ca. 29 \u00d7 42 \u00d7 48 cm<\/li>\n<li>bis zu: 6 kg<\/li>\n<\/ul>\n","protected":false},"excerpt":{"rendered":"<p>stabiler Metallrahmen f\u00fcr einen sicheren Transport des Tieres auf dem Gep\u00e4cktr\u00e4ger (Breite 11,8\u201316 cm) Korb durch Klettverschl\u00fcsse vom Rahmen abnehmbar mit Netz-Abdeckung mit integrierter Kurzleine reflektierende Elemente herausnehmbare, gepolsterte Bodeneinlage (Pl\u00fcsch-Bezug) formstabiles EVA Farbe: schwarz tierschutzkonform nach \u00a7 18 (AT) f\u00fcr E-Bikes geeignet Ma\u00dfe: ca. 29 \u00d7 42 \u00d7 48 cm bis zu: 6 kg<\/p>\n","protected":false},"featured_media":48948,"comment_status":"closed","ping_status":"open","template":"","meta":[],"product_cat":[13843],"product_tag":[],"class_list":{"0":"post-48947","1":"product","2":"type-product","3":"status-publish","4":"has-post-thumbnail","6":"product_cat-rad-und-joggingzubehoer","8":"first","9":"instock","10":"taxable","11":"shipping-taxable","12":"purchasable","13":"product-type-simple"},"_links":{"self":[{"href":"https:\/\/all-pets.de\/shop\/wp-json\/wp\/v2\/product\/48947","targetHints":{"allow":["GET"]}}],"collection":[{"href":"https:\/\/all-pets.de\/shop\/wp-json\/wp\/v2\/product"}],"about":[{"href":"https:\/\/all-pets.de\/shop\/wp-json\/wp\/v2\/types\/product"}],"replies":[{"embeddable":true,"href":"https:\/\/all-pets.de\/shop\/wp-json\/wp\/v2\/comments?post=48947"}],"wp:featuredmedia":[{"embeddable":true,"href":"https:\/\/all-pets.de\/shop\/wp-json\/wp\/v2\/media\/48948"}],"wp:attachment":[{"href":"https:\/\/all-pets.de\/shop\/wp-json\/wp\/v2\/media?parent=48947"}],"wp:term":[{"taxonomy":"product_cat","embeddable":true,"href":"https:\/\/all-pets.de\/shop\/wp-json\/wp\/v2\/product_cat?post=48947"},{"taxonomy":"product_tag","embeddable":true,"href":"https:\/\/all-pets.de\/shop\/wp-json\/wp\/v2\/product_tag?post=48947"}],"curies":[{"name":"wp","href":"https:\/\/api.w.org\/{rel}","templated":true}]}}