{"id":48961,"date":"2023-12-12T12:29:18","date_gmt":"2023-12-12T11:29:18","guid":{"rendered":"https:\/\/pet-shopping.de\/shop\/produkt\/trixie-junior-kratzpappe\/"},"modified":"2023-12-12T12:29:21","modified_gmt":"2023-12-12T11:29:21","slug":"trixie-junior-kratzpappe","status":"publish","type":"product","link":"https:\/\/all-pets.de\/shop\/produkt\/trixie-junior-kratzpappe\/","title":{"rendered":"Trixie Junior Kratzpappe"},"content":{"rendered":"<ul>\n<li>Pappe<\/li>\n<li>mit Katzenminze<\/li>\n<li>Ma\u00dfe: ca. 38 \u00d7 6 \u00d7 18 cm<\/li>\n<li>Farbe: hellgrau<\/li>\n<\/ul>\n","protected":false},"excerpt":{"rendered":"<p>Pappe mit Katzenminze Ma\u00dfe: ca. 38 \u00d7 6 \u00d7 18 cm Farbe: hellgrau<\/p>\n","protected":false},"featured_media":48962,"comment_status":"closed","ping_status":"open","template":"","meta":[],"product_cat":[14595],"product_tag":[],"class_list":{"0":"post-48961","1":"product","2":"type-product","3":"status-publish","4":"has-post-thumbnail","6":"product_cat-kratzbretter-artikel-kratzbaeume-moebel","8":"first","9":"instock","10":"taxable","11":"shipping-taxable","12":"purchasable","13":"product-type-simple"},"_links":{"self":[{"href":"https:\/\/all-pets.de\/shop\/wp-json\/wp\/v2\/product\/48961","targetHints":{"allow":["GET"]}}],"collection":[{"href":"https:\/\/all-pets.de\/shop\/wp-json\/wp\/v2\/product"}],"about":[{"href":"https:\/\/all-pets.de\/shop\/wp-json\/wp\/v2\/types\/product"}],"replies":[{"embeddable":true,"href":"https:\/\/all-pets.de\/shop\/wp-json\/wp\/v2\/comments?post=48961"}],"wp:featuredmedia":[{"embeddable":true,"href":"https:\/\/all-pets.de\/shop\/wp-json\/wp\/v2\/media\/48962"}],"wp:attachment":[{"href":"https:\/\/all-pets.de\/shop\/wp-json\/wp\/v2\/media?parent=48961"}],"wp:term":[{"taxonomy":"product_cat","embeddable":true,"href":"https:\/\/all-pets.de\/shop\/wp-json\/wp\/v2\/product_cat?post=48961"},{"taxonomy":"product_tag","embeddable":true,"href":"https:\/\/all-pets.de\/shop\/wp-json\/wp\/v2\/product_tag?post=48961"}],"curies":[{"name":"wp","href":"https:\/\/api.w.org\/{rel}","templated":true}]}}