{"id":48965,"date":"2023-12-12T12:29:18","date_gmt":"2023-12-12T11:29:18","guid":{"rendered":"https:\/\/pet-shopping.de\/shop\/produkt\/trixie-junior-schnuller-welpenspielzeug\/"},"modified":"2023-12-12T12:29:21","modified_gmt":"2023-12-12T11:29:21","slug":"trixie-junior-schnuller-welpenspielzeug","status":"publish","type":"product","link":"https:\/\/all-pets.de\/shop\/produkt\/trixie-junior-schnuller-welpenspielzeug\/","title":{"rendered":"Trixie Junior Schnuller Welpenspielzeug"},"content":{"rendered":"<ul>\n<li>Naturgummi<\/li>\n<li>massiert das Zahnfleisch<\/li>\n<li>Ma\u00dfe: ca. 9 cm<\/li>\n<li>Diverse Farben. Eine Farbwahl ist leider nicht m\u00f6glich, da die Farbe je nach Lagerbestand gew\u00e4hlt wird.<\/li>\n<\/ul>\n","protected":false},"excerpt":{"rendered":"<p>Naturgummi massiert das Zahnfleisch Ma\u00dfe: ca. 9 cm Diverse Farben. Eine Farbwahl ist leider nicht m\u00f6glich, da die Farbe je nach Lagerbestand gew\u00e4hlt wird.<\/p>\n","protected":false},"featured_media":48966,"comment_status":"closed","ping_status":"open","template":"","meta":[],"product_cat":[13885],"product_tag":[],"class_list":{"0":"post-48965","1":"product","2":"type-product","3":"status-publish","4":"has-post-thumbnail","6":"product_cat-puppy-spielzeug-hundespielzeug-sport","8":"first","9":"instock","10":"taxable","11":"shipping-taxable","12":"purchasable","13":"product-type-simple"},"_links":{"self":[{"href":"https:\/\/all-pets.de\/shop\/wp-json\/wp\/v2\/product\/48965","targetHints":{"allow":["GET"]}}],"collection":[{"href":"https:\/\/all-pets.de\/shop\/wp-json\/wp\/v2\/product"}],"about":[{"href":"https:\/\/all-pets.de\/shop\/wp-json\/wp\/v2\/types\/product"}],"replies":[{"embeddable":true,"href":"https:\/\/all-pets.de\/shop\/wp-json\/wp\/v2\/comments?post=48965"}],"wp:featuredmedia":[{"embeddable":true,"href":"https:\/\/all-pets.de\/shop\/wp-json\/wp\/v2\/media\/48966"}],"wp:attachment":[{"href":"https:\/\/all-pets.de\/shop\/wp-json\/wp\/v2\/media?parent=48965"}],"wp:term":[{"taxonomy":"product_cat","embeddable":true,"href":"https:\/\/all-pets.de\/shop\/wp-json\/wp\/v2\/product_cat?post=48965"},{"taxonomy":"product_tag","embeddable":true,"href":"https:\/\/all-pets.de\/shop\/wp-json\/wp\/v2\/product_tag?post=48965"}],"curies":[{"name":"wp","href":"https:\/\/api.w.org\/{rel}","templated":true}]}}