{"id":48984,"date":"2023-12-12T12:29:25","date_gmt":"2023-12-12T11:29:25","guid":{"rendered":"https:\/\/pet-shopping.de\/shop\/produkt\/trixie-junior-kitten-circle\/"},"modified":"2023-12-12T12:29:26","modified_gmt":"2023-12-12T11:29:26","slug":"trixie-junior-kitten-circle","status":"publish","type":"product","link":"https:\/\/all-pets.de\/shop\/produkt\/trixie-junior-kitten-circle\/","title":{"rendered":"Trixie Junior Kitten Circle"},"content":{"rendered":"<ul>\n<li>mit 4 zus\u00e4tzlichen B\u00e4llen<\/li>\n<li>weitere Spielb\u00e4lle nutzbar<\/li>\n<li>Kunststoff<\/li>\n<li>Ma\u00dfe: ca. \u00f8 24 cm<\/li>\n<\/ul>\n","protected":false},"excerpt":{"rendered":"<p>mit 4 zus\u00e4tzlichen B\u00e4llen weitere Spielb\u00e4lle nutzbar Kunststoff Ma\u00dfe: ca. \u00f8 24 cm<\/p>\n","protected":false},"featured_media":48985,"comment_status":"closed","ping_status":"open","template":"","meta":[],"product_cat":[13887],"product_tag":[],"class_list":{"0":"post-48984","1":"product","2":"type-product","3":"status-publish","4":"has-post-thumbnail","6":"product_cat-katzenbaelle-katzenspielzeug-weitere-spielzeugekatzenwelt","8":"first","9":"instock","10":"taxable","11":"shipping-taxable","12":"purchasable","13":"product-type-simple"},"_links":{"self":[{"href":"https:\/\/all-pets.de\/shop\/wp-json\/wp\/v2\/product\/48984","targetHints":{"allow":["GET"]}}],"collection":[{"href":"https:\/\/all-pets.de\/shop\/wp-json\/wp\/v2\/product"}],"about":[{"href":"https:\/\/all-pets.de\/shop\/wp-json\/wp\/v2\/types\/product"}],"replies":[{"embeddable":true,"href":"https:\/\/all-pets.de\/shop\/wp-json\/wp\/v2\/comments?post=48984"}],"wp:featuredmedia":[{"embeddable":true,"href":"https:\/\/all-pets.de\/shop\/wp-json\/wp\/v2\/media\/48985"}],"wp:attachment":[{"href":"https:\/\/all-pets.de\/shop\/wp-json\/wp\/v2\/media?parent=48984"}],"wp:term":[{"taxonomy":"product_cat","embeddable":true,"href":"https:\/\/all-pets.de\/shop\/wp-json\/wp\/v2\/product_cat?post=48984"},{"taxonomy":"product_tag","embeddable":true,"href":"https:\/\/all-pets.de\/shop\/wp-json\/wp\/v2\/product_tag?post=48984"}],"curies":[{"name":"wp","href":"https:\/\/api.w.org\/{rel}","templated":true}]}}