{"id":48988,"date":"2023-12-12T12:29:25","date_gmt":"2023-12-12T11:29:25","guid":{"rendered":"https:\/\/pet-shopping.de\/shop\/produkt\/trixie-rod-box-katzenspiel\/"},"modified":"2023-12-12T12:29:27","modified_gmt":"2023-12-12T11:29:27","slug":"trixie-rod-box-katzenspiel","status":"publish","type":"product","link":"https:\/\/all-pets.de\/shop\/produkt\/trixie-rod-box-katzenspiel\/","title":{"rendered":"Trixie Rod Box Katzenspiel"},"content":{"rendered":"<div class=\"mb-3 row\">\n<div class=\"col\">\n<ul>\n<li>\n<ul>\n<ul>\n<li>Spielkasten mit zwei Ebenen<\/li>\n<li>f\u00fcr Katzen ab 3 Monaten<\/li>\n<li>rutschfest durch Gummif\u00fc\u00dfe<\/li>\n<li>Kunststoff<\/li>\n<li>inkl. Trainingsanleitung<\/li>\n<li>sp\u00fclmaschinenfest<\/li>\n<li>Ma\u00dfe: ca. 20 \u00d7 12 \u00d7 16 cm<\/li>\n<\/ul>\n<\/ul>\n<\/li>\n<\/ul>\n<\/div>\n<\/div>\n","protected":false},"excerpt":{"rendered":"<p>Spielkasten mit zwei Ebenen f\u00fcr Katzen ab 3 Monaten rutschfest durch Gummif\u00fc\u00dfe Kunststoff inkl. Trainingsanleitung sp\u00fclmaschinenfest Ma\u00dfe: ca. 20 \u00d7 12 \u00d7 16 cm<\/p>\n","protected":false},"featured_media":48989,"comment_status":"closed","ping_status":"open","template":"","meta":[],"product_cat":[13782],"product_tag":[],"class_list":{"0":"post-48988","1":"product","2":"type-product","3":"status-publish","4":"has-post-thumbnail","6":"product_cat-intelligenz-spielzeug","8":"first","9":"instock","10":"taxable","11":"shipping-taxable","12":"purchasable","13":"product-type-simple"},"_links":{"self":[{"href":"https:\/\/all-pets.de\/shop\/wp-json\/wp\/v2\/product\/48988","targetHints":{"allow":["GET"]}}],"collection":[{"href":"https:\/\/all-pets.de\/shop\/wp-json\/wp\/v2\/product"}],"about":[{"href":"https:\/\/all-pets.de\/shop\/wp-json\/wp\/v2\/types\/product"}],"replies":[{"embeddable":true,"href":"https:\/\/all-pets.de\/shop\/wp-json\/wp\/v2\/comments?post=48988"}],"wp:featuredmedia":[{"embeddable":true,"href":"https:\/\/all-pets.de\/shop\/wp-json\/wp\/v2\/media\/48989"}],"wp:attachment":[{"href":"https:\/\/all-pets.de\/shop\/wp-json\/wp\/v2\/media?parent=48988"}],"wp:term":[{"taxonomy":"product_cat","embeddable":true,"href":"https:\/\/all-pets.de\/shop\/wp-json\/wp\/v2\/product_cat?post=48988"},{"taxonomy":"product_tag","embeddable":true,"href":"https:\/\/all-pets.de\/shop\/wp-json\/wp\/v2\/product_tag?post=48988"}],"curies":[{"name":"wp","href":"https:\/\/api.w.org\/{rel}","templated":true}]}}