{"id":48995,"date":"2023-12-12T12:29:25","date_gmt":"2023-12-12T11:29:25","guid":{"rendered":"https:\/\/pet-shopping.de\/shop\/produkt\/trixie-activity-snack-roll-mit-halter\/"},"modified":"2023-12-12T12:29:28","modified_gmt":"2023-12-12T11:29:28","slug":"trixie-activity-snack-roll-mit-halter","status":"publish","type":"product","link":"https:\/\/all-pets.de\/shop\/produkt\/trixie-activity-snack-roll-mit-halter\/","title":{"rendered":"Trixie Activity Snack Roll mit Halter"},"content":{"rendered":"<div class=\"mb-3 row\">\n<div class=\"col\">\n<ul>\n<li>\n<ul>\n<ul>\n<li>durch Drehbewegungen fallen Snacks heraus<\/li>\n<li>schult die Geschicklichkeit<\/li>\n<li>artgerechte Besch\u00e4ftigung und geistige Herausforderung<\/li>\n<li>Zylinder im Inneren reguliert die Leckerliausgabe<\/li>\n<li>abnehmbare Rolle erm\u00f6glicht leichtes Bef\u00fcllen und Reinigen<\/li>\n<li>rutschfest durch Gummiring<\/li>\n<li>Kunststoff<\/li>\n<li>Ma\u00dfe: ca. 19 \u00d7 12 \u00d7 11 cm<\/li>\n<li>Farbe: grau\/t\u00fcrkis<\/li>\n<li>geeignet z.B. f\u00fcr Kaninchen und Meerschweinchen <\/li>\n<\/ul>\n<li>Nur zeitlich begrenzt unter Aufsicht anbieten. Nach der F\u00fctterung wieder herausnehmen. <\/li>\n<\/ul>\n<\/li>\n<\/ul>\n<\/div>\n<\/div>\n","protected":false},"excerpt":{"rendered":"<p>durch Drehbewegungen fallen Snacks heraus schult die Geschicklichkeit artgerechte Besch\u00e4ftigung und geistige Herausforderung Zylinder im Inneren reguliert die Leckerliausgabe abnehmbare Rolle erm\u00f6glicht leichtes Bef\u00fcllen und Reinigen rutschfest durch Gummiring Kunststoff Ma\u00dfe: ca. 19 \u00d7 12 \u00d7 11 cm Farbe: grau\/t\u00fcrkis geeignet z.B. f\u00fcr Kaninchen und Meerschweinchen Nur zeitlich begrenzt unter Aufsicht anbieten. Nach der F\u00fctterung [&hellip;]<\/p>\n","protected":false},"featured_media":48996,"comment_status":"closed","ping_status":"open","template":"","meta":[],"product_cat":[13745],"product_tag":[],"class_list":{"0":"post-48995","1":"product","2":"type-product","3":"status-publish","4":"has-post-thumbnail","6":"product_cat-spiel-sport","8":"first","9":"instock","10":"taxable","11":"shipping-taxable","12":"purchasable","13":"product-type-simple"},"_links":{"self":[{"href":"https:\/\/all-pets.de\/shop\/wp-json\/wp\/v2\/product\/48995","targetHints":{"allow":["GET"]}}],"collection":[{"href":"https:\/\/all-pets.de\/shop\/wp-json\/wp\/v2\/product"}],"about":[{"href":"https:\/\/all-pets.de\/shop\/wp-json\/wp\/v2\/types\/product"}],"replies":[{"embeddable":true,"href":"https:\/\/all-pets.de\/shop\/wp-json\/wp\/v2\/comments?post=48995"}],"wp:featuredmedia":[{"embeddable":true,"href":"https:\/\/all-pets.de\/shop\/wp-json\/wp\/v2\/media\/48996"}],"wp:attachment":[{"href":"https:\/\/all-pets.de\/shop\/wp-json\/wp\/v2\/media?parent=48995"}],"wp:term":[{"taxonomy":"product_cat","embeddable":true,"href":"https:\/\/all-pets.de\/shop\/wp-json\/wp\/v2\/product_cat?post=48995"},{"taxonomy":"product_tag","embeddable":true,"href":"https:\/\/all-pets.de\/shop\/wp-json\/wp\/v2\/product_tag?post=48995"}],"curies":[{"name":"wp","href":"https:\/\/api.w.org\/{rel}","templated":true}]}}