{"id":48999,"date":"2023-12-12T12:29:25","date_gmt":"2023-12-12T11:29:25","guid":{"rendered":"https:\/\/pet-shopping.de\/shop\/produkt\/natuerlich-pfiffikus-vital-mix-mit-insekten-1kg\/"},"modified":"2023-12-12T12:29:29","modified_gmt":"2023-12-12T11:29:29","slug":"natuerlich-pfiffikus-vital-mix-mit-insekten-1kg","status":"publish","type":"product","link":"https:\/\/all-pets.de\/shop\/produkt\/natuerlich-pfiffikus-vital-mix-mit-insekten-1kg\/","title":{"rendered":"Nat\u00fcrlich Pfiffikus Vital-Mix mit Insekten 1kg"},"content":{"rendered":"<p>Der nat\u00fcrliche Vital-Mix ist mit feinen getrockneten Insekten gespickt, die ein nat\u00fcrlicher Proteinlieferant sind. Die zus\u00e4tzlichen Beeren und N\u00fcsse versorgen die Wildv\u00f6gel mit wichtigen Fetts\u00e4uren und Vitaminen und sind f\u00fcr die Wildv\u00f6gel sehr schmackhaft und energiebringend zugleich &#8211; auch perfekt zur Ganzjahresf\u00fctterung.<\/p>\n<p>Besonders geeignet f\u00fcr K\u00f6rnerfresser wie z. B. Stieglitz, Buchfink, Kernbei\u00dfer, Spatz, Dompfaffu. v. a.<\/p>\n<p>Inhaltsstoffe:<\/p>\n<div role=\"tabpanel\" class=\"tab-pane active\" id=\"prod_short_desc\">\n<div itemprop=\"description\">\n<div role=\"tabpanel\" class=\"tab-pane active\" id=\"prod_short_desc\">\n<div itemprop=\"description\">Getreide, N\u00fcsse, Beeren, 4 % Insekten, \u00d6le und Fette<\/div>\n<\/div>\n<\/div>\n<\/div>\n","protected":false},"excerpt":{"rendered":"<p>Der nat\u00fcrliche Vital-Mix ist mit feinen getrockneten Insekten gespickt, die ein nat\u00fcrlicher Proteinlieferant sind. Die zus\u00e4tzlichen Beeren und N\u00fcsse versorgen die Wildv\u00f6gel mit wichtigen Fetts\u00e4uren und Vitaminen und sind f\u00fcr die Wildv\u00f6gel sehr schmackhaft und energiebringend zugleich &#8211; auch perfekt zur Ganzjahresf\u00fctterung. Besonders geeignet f\u00fcr K\u00f6rnerfresser wie z. B. Stieglitz, Buchfink, Kernbei\u00dfer, Spatz, Dompfaffu. v. [&hellip;]<\/p>\n","protected":false},"featured_media":49000,"comment_status":"closed","ping_status":"open","template":"","meta":[],"product_cat":[13797],"product_tag":[],"class_list":{"0":"post-48999","1":"product","2":"type-product","3":"status-publish","4":"has-post-thumbnail","6":"product_cat-natuerlich-pfiffikus","8":"first","9":"instock","10":"taxable","11":"shipping-taxable","12":"purchasable","13":"product-type-simple"},"_links":{"self":[{"href":"https:\/\/all-pets.de\/shop\/wp-json\/wp\/v2\/product\/48999","targetHints":{"allow":["GET"]}}],"collection":[{"href":"https:\/\/all-pets.de\/shop\/wp-json\/wp\/v2\/product"}],"about":[{"href":"https:\/\/all-pets.de\/shop\/wp-json\/wp\/v2\/types\/product"}],"replies":[{"embeddable":true,"href":"https:\/\/all-pets.de\/shop\/wp-json\/wp\/v2\/comments?post=48999"}],"wp:featuredmedia":[{"embeddable":true,"href":"https:\/\/all-pets.de\/shop\/wp-json\/wp\/v2\/media\/49000"}],"wp:attachment":[{"href":"https:\/\/all-pets.de\/shop\/wp-json\/wp\/v2\/media?parent=48999"}],"wp:term":[{"taxonomy":"product_cat","embeddable":true,"href":"https:\/\/all-pets.de\/shop\/wp-json\/wp\/v2\/product_cat?post=48999"},{"taxonomy":"product_tag","embeddable":true,"href":"https:\/\/all-pets.de\/shop\/wp-json\/wp\/v2\/product_tag?post=48999"}],"curies":[{"name":"wp","href":"https:\/\/api.w.org\/{rel}","templated":true}]}}