{"id":49001,"date":"2023-12-12T12:29:25","date_gmt":"2023-12-12T11:29:25","guid":{"rendered":"https:\/\/pet-shopping.de\/shop\/produkt\/procyon-dog-golf-set\/"},"modified":"2023-12-12T12:29:29","modified_gmt":"2023-12-12T11:29:29","slug":"procyon-dog-golf-set","status":"publish","type":"product","link":"https:\/\/all-pets.de\/shop\/produkt\/procyon-dog-golf-set\/","title":{"rendered":"PROCYON Dog Golf Set"},"content":{"rendered":"<p>Beim neuen Trend Dog Golf ist es das Ziel f\u00fcr den Hund den Ball in den Ring zu bef\u00f6rdern, \u00e4hnlich wie beim normalen Golfspiel. Dazu wird der Treibball mit der Nase oder den Pfoten geschubst, um ihn voran zu treiben.<\/p>\n<p>Durch die Pylonen l\u00e4sst sich der Schwierigkeitsgrad an die F\u00e4higkeiten des Hundes anpassen, indem man einen kleinen Parcours aufstellt, den es zu durchlaufen gilt. So wird das Training nicht langweilig.<\/p>\n<p>Im Set enthalten sind:<br \/>&#8211; 4 Pylonen (18 cm)<br \/>&#8211; ein teilbarer Zielring aus EVA Kunststoff<br \/>&#8211; 1 Clicker<br \/>&#8211; 1 Treibball (20 cm Durchmesser)<\/p>\n<p>Hinweis: \u00dcberlasse den Treibball deinem Hund nicht zum Spielen und lass ihn nicht versuchen, hinein zu bei\u00dfen. Dadurch k\u00f6nnen Sch\u00e4den an den Z\u00e4hnen entstehen. <\/p>\n","protected":false},"excerpt":{"rendered":"<p>Beim neuen Trend Dog Golf ist es das Ziel f\u00fcr den Hund den Ball in den Ring zu bef\u00f6rdern, \u00e4hnlich wie beim normalen Golfspiel. Dazu wird der Treibball mit der Nase oder den Pfoten geschubst, um ihn voran zu treiben. Durch die Pylonen l\u00e4sst sich der Schwierigkeitsgrad an die F\u00e4higkeiten des Hundes anpassen, indem man [&hellip;]<\/p>\n","protected":false},"featured_media":49002,"comment_status":"closed","ping_status":"open","template":"","meta":[],"product_cat":[13836],"product_tag":[],"class_list":{"0":"post-49001","1":"product","2":"type-product","3":"status-publish","4":"has-post-thumbnail","6":"product_cat-agility-training-hundespielzeug-sport","8":"first","9":"instock","10":"taxable","11":"shipping-taxable","12":"purchasable","13":"product-type-simple"},"_links":{"self":[{"href":"https:\/\/all-pets.de\/shop\/wp-json\/wp\/v2\/product\/49001","targetHints":{"allow":["GET"]}}],"collection":[{"href":"https:\/\/all-pets.de\/shop\/wp-json\/wp\/v2\/product"}],"about":[{"href":"https:\/\/all-pets.de\/shop\/wp-json\/wp\/v2\/types\/product"}],"replies":[{"embeddable":true,"href":"https:\/\/all-pets.de\/shop\/wp-json\/wp\/v2\/comments?post=49001"}],"wp:featuredmedia":[{"embeddable":true,"href":"https:\/\/all-pets.de\/shop\/wp-json\/wp\/v2\/media\/49002"}],"wp:attachment":[{"href":"https:\/\/all-pets.de\/shop\/wp-json\/wp\/v2\/media?parent=49001"}],"wp:term":[{"taxonomy":"product_cat","embeddable":true,"href":"https:\/\/all-pets.de\/shop\/wp-json\/wp\/v2\/product_cat?post=49001"},{"taxonomy":"product_tag","embeddable":true,"href":"https:\/\/all-pets.de\/shop\/wp-json\/wp\/v2\/product_tag?post=49001"}],"curies":[{"name":"wp","href":"https:\/\/api.w.org\/{rel}","templated":true}]}}