{"id":49005,"date":"2023-12-12T12:29:25","date_gmt":"2023-12-12T11:29:25","guid":{"rendered":"https:\/\/pet-shopping.de\/shop\/produkt\/trixie-junior-snack-play\/"},"modified":"2023-12-12T12:29:30","modified_gmt":"2023-12-12T11:29:30","slug":"trixie-junior-snack-play","status":"publish","type":"product","link":"https:\/\/all-pets.de\/shop\/produkt\/trixie-junior-snack-play\/","title":{"rendered":"Trixie Junior Snack &#038; Play"},"content":{"rendered":"<ul>\n<li>wippendes Spielzeug mit umlaufendem Ball und Spielzeug auf Spiralfeder<\/li>\n<li>abnehmbare R\u00f6hren zum Herauspf\u00f6teln von Snacks oder kleinen Spielzeugen<\/li>\n<li>aufschraubbar<\/li>\n<li>Kunststoff mit Pl\u00fcsch (Polyester)<\/li>\n<li>sp\u00fclmaschinengeeignet<\/li>\n<li>Ma\u00dfe: ca. \u00f8 18 cm<\/li>\n<\/ul>\n","protected":false},"excerpt":{"rendered":"<p>wippendes Spielzeug mit umlaufendem Ball und Spielzeug auf Spiralfeder abnehmbare R\u00f6hren zum Herauspf\u00f6teln von Snacks oder kleinen Spielzeugen aufschraubbar Kunststoff mit Pl\u00fcsch (Polyester) sp\u00fclmaschinengeeignet Ma\u00dfe: ca. \u00f8 18 cm<\/p>\n","protected":false},"featured_media":49006,"comment_status":"closed","ping_status":"open","template":"","meta":[],"product_cat":[13887],"product_tag":[],"class_list":{"0":"post-49005","1":"product","2":"type-product","3":"status-publish","4":"has-post-thumbnail","6":"product_cat-katzenbaelle-katzenspielzeug-weitere-spielzeugekatzenwelt","8":"first","9":"instock","10":"taxable","11":"shipping-taxable","12":"purchasable","13":"product-type-simple"},"_links":{"self":[{"href":"https:\/\/all-pets.de\/shop\/wp-json\/wp\/v2\/product\/49005","targetHints":{"allow":["GET"]}}],"collection":[{"href":"https:\/\/all-pets.de\/shop\/wp-json\/wp\/v2\/product"}],"about":[{"href":"https:\/\/all-pets.de\/shop\/wp-json\/wp\/v2\/types\/product"}],"replies":[{"embeddable":true,"href":"https:\/\/all-pets.de\/shop\/wp-json\/wp\/v2\/comments?post=49005"}],"wp:featuredmedia":[{"embeddable":true,"href":"https:\/\/all-pets.de\/shop\/wp-json\/wp\/v2\/media\/49006"}],"wp:attachment":[{"href":"https:\/\/all-pets.de\/shop\/wp-json\/wp\/v2\/media?parent=49005"}],"wp:term":[{"taxonomy":"product_cat","embeddable":true,"href":"https:\/\/all-pets.de\/shop\/wp-json\/wp\/v2\/product_cat?post=49005"},{"taxonomy":"product_tag","embeddable":true,"href":"https:\/\/all-pets.de\/shop\/wp-json\/wp\/v2\/product_tag?post=49005"}],"curies":[{"name":"wp","href":"https:\/\/api.w.org\/{rel}","templated":true}]}}