{"id":49018,"date":"2023-12-12T12:29:31","date_gmt":"2023-12-12T11:29:31","guid":{"rendered":"https:\/\/pet-shopping.de\/shop\/produkt\/trixie-jogging-hundeleine-grafit-papaya\/"},"modified":"2023-12-12T12:29:33","modified_gmt":"2023-12-12T11:29:33","slug":"trixie-jogging-hundeleine-grafit-papaya","status":"publish","type":"product","link":"https:\/\/all-pets.de\/shop\/produkt\/trixie-jogging-hundeleine-grafit-papaya\/","title":{"rendered":"Trixie Jogging-Hundeleine &#8211; grafit\/papaya"},"content":{"rendered":"<ul>\n<li>zum Umh\u00e4ngen oder mit Handschlaufe nutzbar<\/li>\n<li>ruckartiges Ziehen des Hundes wird durch Ruckd\u00e4mpfer abgefedert<\/li>\n<li>stufenlos verstellbar<\/li>\n<li>gepolsterte Schlaufe mit Schnappverschluss<\/li>\n<li>mit \u00d6se z. B. zum Befestigen der Hundemarke oder eines Flashers<\/li>\n<li>Gurtband<\/li>\n<li>Farbe: grafit\/papaya<\/li>\n<li>Ma\u00dfe: ca. 1,33-1,80 m\/20 mm<\/li>\n<\/ul>\n","protected":false},"excerpt":{"rendered":"<p>zum Umh\u00e4ngen oder mit Handschlaufe nutzbar ruckartiges Ziehen des Hundes wird durch Ruckd\u00e4mpfer abgefedert stufenlos verstellbar gepolsterte Schlaufe mit Schnappverschluss mit \u00d6se z. B. zum Befestigen der Hundemarke oder eines Flashers Gurtband Farbe: grafit\/papaya Ma\u00dfe: ca. 1,33-1,80 m\/20 mm<\/p>\n","protected":false},"featured_media":49019,"comment_status":"closed","ping_status":"open","template":"","meta":[],"product_cat":[13870],"product_tag":[],"class_list":{"0":"post-49018","1":"product","2":"type-product","3":"status-publish","4":"has-post-thumbnail","6":"product_cat-weitere-leinen","8":"first","9":"instock","10":"taxable","11":"shipping-taxable","12":"purchasable","13":"product-type-simple"},"_links":{"self":[{"href":"https:\/\/all-pets.de\/shop\/wp-json\/wp\/v2\/product\/49018","targetHints":{"allow":["GET"]}}],"collection":[{"href":"https:\/\/all-pets.de\/shop\/wp-json\/wp\/v2\/product"}],"about":[{"href":"https:\/\/all-pets.de\/shop\/wp-json\/wp\/v2\/types\/product"}],"replies":[{"embeddable":true,"href":"https:\/\/all-pets.de\/shop\/wp-json\/wp\/v2\/comments?post=49018"}],"wp:featuredmedia":[{"embeddable":true,"href":"https:\/\/all-pets.de\/shop\/wp-json\/wp\/v2\/media\/49019"}],"wp:attachment":[{"href":"https:\/\/all-pets.de\/shop\/wp-json\/wp\/v2\/media?parent=49018"}],"wp:term":[{"taxonomy":"product_cat","embeddable":true,"href":"https:\/\/all-pets.de\/shop\/wp-json\/wp\/v2\/product_cat?post=49018"},{"taxonomy":"product_tag","embeddable":true,"href":"https:\/\/all-pets.de\/shop\/wp-json\/wp\/v2\/product_tag?post=49018"}],"curies":[{"name":"wp","href":"https:\/\/api.w.org\/{rel}","templated":true}]}}