{"id":49034,"date":"2023-12-12T12:29:37","date_gmt":"2023-12-12T11:29:37","guid":{"rendered":"https:\/\/pet-shopping.de\/shop\/produkt\/natuerlich-pfiffikus-maxi-futterstange\/"},"modified":"2023-12-12T12:29:37","modified_gmt":"2023-12-12T11:29:37","slug":"natuerlich-pfiffikus-maxi-futterstange","status":"publish","type":"product","link":"https:\/\/all-pets.de\/shop\/produkt\/natuerlich-pfiffikus-maxi-futterstange\/","title":{"rendered":"Nat\u00fcrlich Pfiffikus Maxi-Futterstange"},"content":{"rendered":"<ul class=\"productinfo\">\n<li>1 St\u00fcck<\/li>\n<li>in Insektenfett getaucht &#8211; ohne Rindertalg<\/li>\n<li>einfach auspacken &#038; aufh\u00e4ngen<\/li>\n<\/ul>\n<p>Inhaltsstoffe:<\/p>\n<div role=\"tabpanel\" class=\"tab-pane active\" id=\"prod_short_desc\">\n<div itemprop=\"description\">Erdn\u00fcsse, Sonnenblumenkerne und Getreideflocken<\/div>\n<\/div>\n","protected":false},"excerpt":{"rendered":"<p>1 St\u00fcck in Insektenfett getaucht &#8211; ohne Rindertalg einfach auspacken &#038; aufh\u00e4ngen Inhaltsstoffe: Erdn\u00fcsse, Sonnenblumenkerne und Getreideflocken<\/p>\n","protected":false},"featured_media":49035,"comment_status":"closed","ping_status":"open","template":"","meta":[],"product_cat":[15161],"product_tag":[],"class_list":{"0":"post-49034","1":"product","2":"type-product","3":"status-publish","4":"has-post-thumbnail","6":"product_cat-natuerlich-pfiffikus-gartenvogelfutter-futterstangenvogelwelt","8":"first","9":"instock","10":"taxable","11":"shipping-taxable","12":"purchasable","13":"product-type-simple"},"_links":{"self":[{"href":"https:\/\/all-pets.de\/shop\/wp-json\/wp\/v2\/product\/49034","targetHints":{"allow":["GET"]}}],"collection":[{"href":"https:\/\/all-pets.de\/shop\/wp-json\/wp\/v2\/product"}],"about":[{"href":"https:\/\/all-pets.de\/shop\/wp-json\/wp\/v2\/types\/product"}],"replies":[{"embeddable":true,"href":"https:\/\/all-pets.de\/shop\/wp-json\/wp\/v2\/comments?post=49034"}],"wp:featuredmedia":[{"embeddable":true,"href":"https:\/\/all-pets.de\/shop\/wp-json\/wp\/v2\/media\/49035"}],"wp:attachment":[{"href":"https:\/\/all-pets.de\/shop\/wp-json\/wp\/v2\/media?parent=49034"}],"wp:term":[{"taxonomy":"product_cat","embeddable":true,"href":"https:\/\/all-pets.de\/shop\/wp-json\/wp\/v2\/product_cat?post=49034"},{"taxonomy":"product_tag","embeddable":true,"href":"https:\/\/all-pets.de\/shop\/wp-json\/wp\/v2\/product_tag?post=49034"}],"curies":[{"name":"wp","href":"https:\/\/api.w.org\/{rel}","templated":true}]}}