{"id":49038,"date":"2023-12-12T12:29:37","date_gmt":"2023-12-12T11:29:37","guid":{"rendered":"https:\/\/pet-shopping.de\/shop\/produkt\/bunny-home-schlummerkiste\/"},"modified":"2023-12-12T12:29:38","modified_gmt":"2023-12-12T11:29:38","slug":"bunny-home-schlummerkiste","status":"publish","type":"product","link":"https:\/\/all-pets.de\/shop\/produkt\/bunny-home-schlummerkiste\/","title":{"rendered":"Bunny @home Schlummerkiste"},"content":{"rendered":"<div class=\"produktbeschreibung\">\n<p>In f\u00fcnf einfachen Schritten ist die Schlummerkiste aufgebaut.<\/p>\n<p>Sie bietet den Tieren einen erh\u00f6hten Liegeplatz, auf dem bequem zu zweit gekuschelt und gefaulenzt werden kann.<\/p>\n<ul class=\"benefits\">\n<li class=\"benefit\">\n<div class=\"titel\">Stecksystem<\/div>\n<div class=\"content\">Einfaches Stecksystem, leicht auf- und abzubauen.<\/div>\n<\/li>\n<li class=\"benefit\">\n<div class=\"titel\">Zum Kuscheln &#038; Schlafen<\/div>\n<div class=\"content\">Komfortable gro\u00dfe Sitz- oder Liegefl\u00e4che.<\/div>\n<\/li>\n<ul>\n<li class=\"benefit\">\n<div class=\"content\">Naturmaterialien<\/div>\n<div class=\"content\">Abgerundete Kanten, stabiles Birkenholz &#038; sicherer Stand.<\/div>\n<\/li>\n<\/ul>\n<\/ul>\n<p>Ma\u00dfe: 30,7 x 21,5 x 51,8 cm (B|H|T)<\/p>\n<\/div>\n","protected":false},"excerpt":{"rendered":"<p>In f\u00fcnf einfachen Schritten ist die Schlummerkiste aufgebaut. Sie bietet den Tieren einen erh\u00f6hten Liegeplatz, auf dem bequem zu zweit gekuschelt und gefaulenzt werden kann. Stecksystem Einfaches Stecksystem, leicht auf- und abzubauen. Zum Kuscheln &#038; Schlafen Komfortable gro\u00dfe Sitz- oder Liegefl\u00e4che. Naturmaterialien Abgerundete Kanten, stabiles Birkenholz &#038; sicherer Stand. Ma\u00dfe: 30,7 x 21,5 x 51,8 [&hellip;]<\/p>\n","protected":false},"featured_media":49039,"comment_status":"closed","ping_status":"open","template":"","meta":[],"product_cat":[15162],"product_tag":[],"class_list":{"0":"post-49038","1":"product","2":"type-product","3":"status-publish","4":"has-post-thumbnail","6":"product_cat-betten-haengematten-ausstattung-zubehoer-spiel-sportkleintierwelt-ausstattung-zubehoer-kleintierwelt","8":"first","9":"instock","10":"taxable","11":"shipping-taxable","12":"purchasable","13":"product-type-simple"},"_links":{"self":[{"href":"https:\/\/all-pets.de\/shop\/wp-json\/wp\/v2\/product\/49038","targetHints":{"allow":["GET"]}}],"collection":[{"href":"https:\/\/all-pets.de\/shop\/wp-json\/wp\/v2\/product"}],"about":[{"href":"https:\/\/all-pets.de\/shop\/wp-json\/wp\/v2\/types\/product"}],"replies":[{"embeddable":true,"href":"https:\/\/all-pets.de\/shop\/wp-json\/wp\/v2\/comments?post=49038"}],"wp:featuredmedia":[{"embeddable":true,"href":"https:\/\/all-pets.de\/shop\/wp-json\/wp\/v2\/media\/49039"}],"wp:attachment":[{"href":"https:\/\/all-pets.de\/shop\/wp-json\/wp\/v2\/media?parent=49038"}],"wp:term":[{"taxonomy":"product_cat","embeddable":true,"href":"https:\/\/all-pets.de\/shop\/wp-json\/wp\/v2\/product_cat?post=49038"},{"taxonomy":"product_tag","embeddable":true,"href":"https:\/\/all-pets.de\/shop\/wp-json\/wp\/v2\/product_tag?post=49038"}],"curies":[{"name":"wp","href":"https:\/\/api.w.org\/{rel}","templated":true}]}}