{"id":49041,"date":"2023-12-12T12:29:37","date_gmt":"2023-12-12T11:29:37","guid":{"rendered":"https:\/\/pet-shopping.de\/shop\/produkt\/catit-mischung-aus-katzenminze-silberwein-28g\/"},"modified":"2023-12-12T12:29:38","modified_gmt":"2023-12-12T11:29:38","slug":"catit-mischung-aus-katzenminze-silberwein-28g","status":"publish","type":"product","link":"https:\/\/all-pets.de\/shop\/produkt\/catit-mischung-aus-katzenminze-silberwein-28g\/","title":{"rendered":"Catit Mischung aus Katzenminze &#038; Silberwein &#8211; 28g"},"content":{"rendered":"<p>Besonders anregende Mischung aus Katzenminze und Silberwein<\/p>\n<ul>\n<li>Angebaut in Kanada<\/li>\n<li>Inhalt: 28g<\/li>\n<\/ul>\n<p><\/p>\n<p>\u00c4u\u00dferst wirkungsvoll<\/p>\n<p>Stimuliert deine Katze auf nat\u00fcrliche Weise und mit gro\u00dfer Wirkungskraft zum Spielen, Springen und Schnurren!<\/p>\n<p><\/p>\n<p>Die Kraft des Silberweins<\/p>\n<p>Silberwein (Actinidia polygama) ist eine wirksamere nat\u00fcrliche Alternative zu Katzenminze, die Katzen in einen euphorischen Zustand versetzt, ihren nat\u00fcrlichen Jagdinstinkt sch\u00e4rft und hilft, Stress und \u00c4ngste zu vermindern.<\/p>\n<p><\/p>\n<p>Bring deiner Katze bei, wo sie spielen oder kratzen soll<\/p>\n<p>Reib einfach eine Prise Katzenminze &#038; Silberwein zwischen deinen Fingern, damit das Aroma verstr\u00f6men kann. Verteil die Katzenminze und den Silberwein auf den Spielzeugen deiner Katze oder an Orten, an denen deine Katze zum Spiel animiert werden soll.<\/p>\n","protected":false},"excerpt":{"rendered":"<p>Besonders anregende Mischung aus Katzenminze und Silberwein Angebaut in Kanada Inhalt: 28g \u00c4u\u00dferst wirkungsvoll Stimuliert deine Katze auf nat\u00fcrliche Weise und mit gro\u00dfer Wirkungskraft zum Spielen, Springen und Schnurren! Die Kraft des Silberweins Silberwein (Actinidia polygama) ist eine wirksamere nat\u00fcrliche Alternative zu Katzenminze, die Katzen in einen euphorischen Zustand versetzt, ihren nat\u00fcrlichen Jagdinstinkt sch\u00e4rft und [&hellip;]<\/p>\n","protected":false},"featured_media":49042,"comment_status":"closed","ping_status":"open","template":"","meta":[],"product_cat":[13702],"product_tag":[],"class_list":{"0":"post-49041","1":"product","2":"type-product","3":"status-publish","4":"has-post-thumbnail","6":"product_cat-catnip-baldrian-spielzeug-katzenspielzeug","8":"first","9":"instock","10":"taxable","11":"shipping-taxable","12":"purchasable","13":"product-type-simple"},"_links":{"self":[{"href":"https:\/\/all-pets.de\/shop\/wp-json\/wp\/v2\/product\/49041","targetHints":{"allow":["GET"]}}],"collection":[{"href":"https:\/\/all-pets.de\/shop\/wp-json\/wp\/v2\/product"}],"about":[{"href":"https:\/\/all-pets.de\/shop\/wp-json\/wp\/v2\/types\/product"}],"replies":[{"embeddable":true,"href":"https:\/\/all-pets.de\/shop\/wp-json\/wp\/v2\/comments?post=49041"}],"wp:featuredmedia":[{"embeddable":true,"href":"https:\/\/all-pets.de\/shop\/wp-json\/wp\/v2\/media\/49042"}],"wp:attachment":[{"href":"https:\/\/all-pets.de\/shop\/wp-json\/wp\/v2\/media?parent=49041"}],"wp:term":[{"taxonomy":"product_cat","embeddable":true,"href":"https:\/\/all-pets.de\/shop\/wp-json\/wp\/v2\/product_cat?post=49041"},{"taxonomy":"product_tag","embeddable":true,"href":"https:\/\/all-pets.de\/shop\/wp-json\/wp\/v2\/product_tag?post=49041"}],"curies":[{"name":"wp","href":"https:\/\/api.w.org\/{rel}","templated":true}]}}